{"id":2917,"date":"2024-10-02T14:23:18","date_gmt":"2024-10-02T14:23:18","guid":{"rendered":"https:\/\/rise-health.pt\/?page_id=2917"},"modified":"2026-02-06T22:27:10","modified_gmt":"2026-02-06T22:27:10","slug":"mensagem-do-diretor","status":"publish","type":"page","link":"https:\/\/rise-health.pt\/pt-pt\/home\/sobre-nos\/mensagem-do-diretor\/","title":{"rendered":"Mensagem do Diretor"},"content":{"rendered":"\t\t<div data-elementor-type=\"wp-page\" data-elementor-id=\"2917\" class=\"elementor elementor-2917\" data-elementor-post-type=\"page\">\n\t\t\t\t\t\t<section class=\"elementor-section elementor-top-section elementor-element elementor-element-b0846e4 elementor-section-boxed elementor-section-height-default elementor-section-height-default\" data-id=\"b0846e4\" data-element_type=\"section\" data-e-type=\"section\" data-settings=\"{&quot;background_background&quot;:&quot;classic&quot;}\">\n\t\t\t\t\t\t<div class=\"elementor-container elementor-column-gap-default\">\n\t\t\t\t\t<div class=\"elementor-column elementor-col-100 elementor-top-column elementor-element elementor-element-d0f48c1\" data-id=\"d0f48c1\" data-element_type=\"column\" data-e-type=\"column\">\n\t\t\t<div class=\"elementor-widget-wrap elementor-element-populated\">\n\t\t\t\t\t\t<section class=\"elementor-section elementor-inner-section elementor-element elementor-element-f43d7b7 elementor-section-boxed elementor-section-height-default elementor-section-height-default\" data-id=\"f43d7b7\" data-element_type=\"section\" data-e-type=\"section\">\n\t\t\t\t\t\t<div class=\"elementor-container elementor-column-gap-default\">\n\t\t\t\t\t<div class=\"elementor-column elementor-col-100 elementor-inner-column elementor-element elementor-element-40be6bd\" data-id=\"40be6bd\" data-element_type=\"column\" data-e-type=\"column\">\n\t\t\t<div class=\"elementor-widget-wrap elementor-element-populated\">\n\t\t\t\t\t\t<div class=\"elementor-element elementor-element-b6d41ab elementor-widget elementor-widget-breadcrumbs\" data-id=\"b6d41ab\" data-element_type=\"widget\" data-e-type=\"widget\" data-widget_type=\"breadcrumbs.default\">\n\t\t\t\t<div class=\"elementor-widget-container\">\n\t\t\t\t\t<p id=\"breadcrumbs\"><\/p>\t\t\t\t<\/div>\n\t\t\t\t<\/div>\n\t\t\t\t\t<\/div>\n\t\t<\/div>\n\t\t\t\t\t<\/div>\n\t\t<\/section>\n\t\t\t\t<div class=\"elementor-element elementor-element-9bd0b1f elementor-widget elementor-widget-heading\" data-id=\"9bd0b1f\" data-element_type=\"widget\" data-e-type=\"widget\" data-widget_type=\"heading.default\">\n\t\t\t\t<div class=\"elementor-widget-container\">\n\t\t\t\t\t<h2 class=\"elementor-heading-title elementor-size-default\">Mensagem do Diretor\n<\/h2>\t\t\t\t<\/div>\n\t\t\t\t<\/div>\n\t\t\t\t<section class=\"elementor-section elementor-inner-section elementor-element elementor-element-5eac6b8 elementor-section-boxed elementor-section-height-default elementor-section-height-default\" data-id=\"5eac6b8\" data-element_type=\"section\" data-e-type=\"section\">\n\t\t\t\t\t\t<div class=\"elementor-container elementor-column-gap-default\">\n\t\t\t\t\t<div class=\"elementor-column elementor-col-100 elementor-inner-column elementor-element elementor-element-61ab4a4\" data-id=\"61ab4a4\" data-element_type=\"column\" data-e-type=\"column\">\n\t\t\t<div class=\"elementor-widget-wrap elementor-element-populated\">\n\t\t\t\t\t\t<div class=\"elementor-element elementor-element-64c28d7 elementor-widget elementor-widget-text-editor\" data-id=\"64c28d7\" data-element_type=\"widget\" data-e-type=\"widget\" data-widget_type=\"text-editor.default\">\n\t\t\t\t<div class=\"elementor-widget-container\">\n\t\t\t\t\t\t\t\t\t<p>Caros colegas, parceiros e visitantes,<\/p><p>RISE-Health nasceu de uma necessidade premente de resolver os constrangimentos enfrentados pela investiga\u00e7\u00e3o cl\u00ednica em Portugal. Reconhecendo estes desafios, junt\u00e1mos quatro grandes unidades de investiga\u00e7\u00e3o \u2014 CINTESIS, UNIC, MedinUP e CICS-UBI \u2014 com uma vis\u00e3o comum: transformar o panorama nacional e internacional da investiga\u00e7\u00e3o cl\u00ednica.<\/p><p>A nossa miss\u00e3o \u00e9 aumentar e consolidar a massa cr\u00edtica de investigadores e constituir um centro de investiga\u00e7\u00e3o abrangente a n\u00edvel nacional para realizar investiga\u00e7\u00e3o cl\u00ednica e translacional interdisciplinar de elevada qualidade. Pretendemos ser inovadores, impactantes e inclusivos, abordando uma vasta gama de \u00e1reas m\u00e9dicas e dom\u00ednios cient\u00edficos. Ao promover a colabora\u00e7\u00e3o e ao reunir diversas compet\u00eancias, aumentaremos a efici\u00eancia dos nossos esfor\u00e7os de investiga\u00e7\u00e3o, assegurando que o nosso trabalho n\u00e3o s\u00f3 faz avan\u00e7ar a ci\u00eancia como tamb\u00e9m beneficia a comunidade em geral. <\/p><p>A cria\u00e7\u00e3o do RISE-Health representa um esfor\u00e7o significativo de todos os envolvidos, desde o terreno at\u00e9 \u00e0 lideran\u00e7a. Este compromisso conjunto \u00e9 fundamental para conseguirmos construir um futuro sustent\u00e1vel para a investiga\u00e7\u00e3o cl\u00ednica em Portugal, assegurando que o nosso pa\u00eds se mant\u00e9m na vanguarda da inova\u00e7\u00e3o cient\u00edfica.<\/p><p>A minha profunda gratid\u00e3o a todos os que contribu\u00edram para este objetivo. A sua dedica\u00e7\u00e3o e trabalho \u00e1rduo tornaram o RISE-Health uma realidade e estou convicto de que, juntos, iremos continuar a alcan\u00e7ar grandes feitos.<\/p><p>Vamos avan\u00e7ar em frente para construirmos um futuro melhor para a investiga\u00e7\u00e3o cl\u00ednica.<\/p><p>Obrigado pelo vosso apoio constante!<\/p><p>Atentamente,<\/p><p>Professor Fernando Schmitt<br \/>Diretor, RISE-Health<\/p>\t\t\t\t\t\t\t\t<\/div>\n\t\t\t\t<\/div>\n\t\t\t\t\t<\/div>\n\t\t<\/div>\n\t\t\t\t\t<\/div>\n\t\t<\/section>\n\t\t\t\t\t<\/div>\n\t\t<\/div>\n\t\t\t\t\t<\/div>\n\t\t<\/section>\n\t\t\t\t<\/div>\n\t\t","protected":false},"excerpt":{"rendered":"<p>Mensagem do Diretor Caros colegas, parceiros e visitantes, RISE-Health nasceu de uma necessidade premente de resolver os constrangimentos enfrentados pela investiga\u00e7\u00e3o cl\u00ednica em Portugal. Reconhecendo estes desafios, junt\u00e1mos quatro grandes unidades de investiga\u00e7\u00e3o \u2014 CINTESIS, UNIC, MedinUP e CICS-UBI \u2014 com uma vis\u00e3o comum: transformar o panorama nacional e internacional da investiga\u00e7\u00e3o cl\u00ednica. A nossa [&hellip;]<\/p>\n","protected":false},"author":2,"featured_media":0,"parent":2479,"menu_order":0,"comment_status":"closed","ping_status":"closed","template":"elementor_header_footer","meta":{"footnotes":""},"class_list":["post-2917","page","type-page","status-publish","hentry"],"yoast_head":"<!-- This site is optimized with the Yoast SEO plugin v27.5 - https:\/\/yoast.com\/product\/yoast-seo-wordpress\/ -->\n<title>Mensagem do Diretor - RISE Health<\/title>\n<meta name=\"robots\" content=\"index, follow, max-snippet:-1, max-image-preview:large, max-video-preview:-1\" \/>\n<link rel=\"canonical\" href=\"https:\/\/rise-health.pt\/pt-pt\/home\/sobre-nos\/mensagem-do-diretor\/\" \/>\n<meta property=\"og:locale\" content=\"pt_PT\" \/>\n<meta property=\"og:type\" content=\"article\" \/>\n<meta property=\"og:title\" content=\"Mensagem do Diretor - RISE Health\" \/>\n<meta property=\"og:description\" content=\"Mensagem do Diretor Caros colegas, parceiros e visitantes, RISE-Health nasceu de uma necessidade premente de resolver os constrangimentos enfrentados pela investiga\u00e7\u00e3o cl\u00ednica em Portugal. Reconhecendo estes desafios, junt\u00e1mos quatro grandes unidades de investiga\u00e7\u00e3o \u2014 CINTESIS, UNIC, MedinUP e CICS-UBI \u2014 com uma vis\u00e3o comum: transformar o panorama nacional e internacional da investiga\u00e7\u00e3o cl\u00ednica. A nossa [&hellip;]\" \/>\n<meta property=\"og:url\" content=\"https:\/\/rise-health.pt\/pt-pt\/home\/sobre-nos\/mensagem-do-diretor\/\" \/>\n<meta property=\"og:site_name\" content=\"RISE Health\" \/>\n<meta property=\"article:modified_time\" content=\"2026-02-06T22:27:10+00:00\" \/>\n<meta name=\"twitter:card\" content=\"summary_large_image\" \/>\n<meta name=\"twitter:label1\" content=\"Tempo estimado de leitura\" \/>\n\t<meta name=\"twitter:data1\" content=\"2 minutos\" \/>\n<script type=\"application\/ld+json\" class=\"yoast-schema-graph\">{\"@context\":\"https:\\\/\\\/schema.org\",\"@graph\":[{\"@type\":\"WebPage\",\"@id\":\"https:\\\/\\\/rise-health.pt\\\/pt-pt\\\/home\\\/sobre-nos\\\/mensagem-do-diretor\\\/\",\"url\":\"https:\\\/\\\/rise-health.pt\\\/pt-pt\\\/home\\\/sobre-nos\\\/mensagem-do-diretor\\\/\",\"name\":\"Mensagem do Diretor - RISE Health\",\"isPartOf\":{\"@id\":\"https:\\\/\\\/rise-health.pt\\\/pt-pt\\\/#website\"},\"datePublished\":\"2024-10-02T14:23:18+00:00\",\"dateModified\":\"2026-02-06T22:27:10+00:00\",\"breadcrumb\":{\"@id\":\"https:\\\/\\\/rise-health.pt\\\/pt-pt\\\/home\\\/sobre-nos\\\/mensagem-do-diretor\\\/#breadcrumb\"},\"inLanguage\":\"pt-PT\",\"potentialAction\":[{\"@type\":\"ReadAction\",\"target\":[\"https:\\\/\\\/rise-health.pt\\\/pt-pt\\\/home\\\/sobre-nos\\\/mensagem-do-diretor\\\/\"]}]},{\"@type\":\"BreadcrumbList\",\"@id\":\"https:\\\/\\\/rise-health.pt\\\/pt-pt\\\/home\\\/sobre-nos\\\/mensagem-do-diretor\\\/#breadcrumb\",\"itemListElement\":[{\"@type\":\"ListItem\",\"position\":1,\"name\":\"Home\",\"item\":\"https:\\\/\\\/rise-health.pt\\\/pt-pt\\\/home\\\/\"},{\"@type\":\"ListItem\",\"position\":2,\"name\":\"Sobre N\u00f3s\",\"item\":\"https:\\\/\\\/rise-health.pt\\\/pt-pt\\\/home\\\/sobre-nos\\\/\"},{\"@type\":\"ListItem\",\"position\":3,\"name\":\"Mensagem do Diretor\"}]},{\"@type\":\"WebSite\",\"@id\":\"https:\\\/\\\/rise-health.pt\\\/pt-pt\\\/#website\",\"url\":\"https:\\\/\\\/rise-health.pt\\\/pt-pt\\\/\",\"name\":\"RISE Health\",\"description\":\"RISE Health\",\"publisher\":{\"@id\":\"https:\\\/\\\/rise-health.pt\\\/pt-pt\\\/#organization\"},\"potentialAction\":[{\"@type\":\"SearchAction\",\"target\":{\"@type\":\"EntryPoint\",\"urlTemplate\":\"https:\\\/\\\/rise-health.pt\\\/pt-pt\\\/?s={search_term_string}\"},\"query-input\":{\"@type\":\"PropertyValueSpecification\",\"valueRequired\":true,\"valueName\":\"search_term_string\"}}],\"inLanguage\":\"pt-PT\"},{\"@type\":\"Organization\",\"@id\":\"https:\\\/\\\/rise-health.pt\\\/pt-pt\\\/#organization\",\"name\":\"Rise Health\",\"url\":\"https:\\\/\\\/rise-health.pt\\\/pt-pt\\\/\",\"logo\":{\"@type\":\"ImageObject\",\"inLanguage\":\"pt-PT\",\"@id\":\"https:\\\/\\\/rise-health.pt\\\/pt-pt\\\/#\\\/schema\\\/logo\\\/image\\\/\",\"url\":\"https:\\\/\\\/rise-health.pt\\\/wp-content\\\/uploads\\\/2024\\\/07\\\/Logo-SVG.svg\",\"contentUrl\":\"https:\\\/\\\/rise-health.pt\\\/wp-content\\\/uploads\\\/2024\\\/07\\\/Logo-SVG.svg\",\"width\":220,\"height\":41,\"caption\":\"Rise Health\"},\"image\":{\"@id\":\"https:\\\/\\\/rise-health.pt\\\/pt-pt\\\/#\\\/schema\\\/logo\\\/image\\\/\"}}]}<\/script>\n<!-- \/ Yoast SEO plugin. -->","yoast_head_json":{"title":"Mensagem do Diretor - RISE Health","robots":{"index":"index","follow":"follow","max-snippet":"max-snippet:-1","max-image-preview":"max-image-preview:large","max-video-preview":"max-video-preview:-1"},"canonical":"https:\/\/rise-health.pt\/pt-pt\/home\/sobre-nos\/mensagem-do-diretor\/","og_locale":"pt_PT","og_type":"article","og_title":"Mensagem do Diretor - RISE Health","og_description":"Mensagem do Diretor Caros colegas, parceiros e visitantes, RISE-Health nasceu de uma necessidade premente de resolver os constrangimentos enfrentados pela investiga\u00e7\u00e3o cl\u00ednica em Portugal. Reconhecendo estes desafios, junt\u00e1mos quatro grandes unidades de investiga\u00e7\u00e3o \u2014 CINTESIS, UNIC, MedinUP e CICS-UBI \u2014 com uma vis\u00e3o comum: transformar o panorama nacional e internacional da investiga\u00e7\u00e3o cl\u00ednica. A nossa [&hellip;]","og_url":"https:\/\/rise-health.pt\/pt-pt\/home\/sobre-nos\/mensagem-do-diretor\/","og_site_name":"RISE Health","article_modified_time":"2026-02-06T22:27:10+00:00","twitter_card":"summary_large_image","twitter_misc":{"Tempo estimado de leitura":"2 minutos"},"schema":{"@context":"https:\/\/schema.org","@graph":[{"@type":"WebPage","@id":"https:\/\/rise-health.pt\/pt-pt\/home\/sobre-nos\/mensagem-do-diretor\/","url":"https:\/\/rise-health.pt\/pt-pt\/home\/sobre-nos\/mensagem-do-diretor\/","name":"Mensagem do Diretor - RISE Health","isPartOf":{"@id":"https:\/\/rise-health.pt\/pt-pt\/#website"},"datePublished":"2024-10-02T14:23:18+00:00","dateModified":"2026-02-06T22:27:10+00:00","breadcrumb":{"@id":"https:\/\/rise-health.pt\/pt-pt\/home\/sobre-nos\/mensagem-do-diretor\/#breadcrumb"},"inLanguage":"pt-PT","potentialAction":[{"@type":"ReadAction","target":["https:\/\/rise-health.pt\/pt-pt\/home\/sobre-nos\/mensagem-do-diretor\/"]}]},{"@type":"BreadcrumbList","@id":"https:\/\/rise-health.pt\/pt-pt\/home\/sobre-nos\/mensagem-do-diretor\/#breadcrumb","itemListElement":[{"@type":"ListItem","position":1,"name":"Home","item":"https:\/\/rise-health.pt\/pt-pt\/home\/"},{"@type":"ListItem","position":2,"name":"Sobre N\u00f3s","item":"https:\/\/rise-health.pt\/pt-pt\/home\/sobre-nos\/"},{"@type":"ListItem","position":3,"name":"Mensagem do Diretor"}]},{"@type":"WebSite","@id":"https:\/\/rise-health.pt\/pt-pt\/#website","url":"https:\/\/rise-health.pt\/pt-pt\/","name":"RISE Health","description":"RISE Health","publisher":{"@id":"https:\/\/rise-health.pt\/pt-pt\/#organization"},"potentialAction":[{"@type":"SearchAction","target":{"@type":"EntryPoint","urlTemplate":"https:\/\/rise-health.pt\/pt-pt\/?s={search_term_string}"},"query-input":{"@type":"PropertyValueSpecification","valueRequired":true,"valueName":"search_term_string"}}],"inLanguage":"pt-PT"},{"@type":"Organization","@id":"https:\/\/rise-health.pt\/pt-pt\/#organization","name":"Rise Health","url":"https:\/\/rise-health.pt\/pt-pt\/","logo":{"@type":"ImageObject","inLanguage":"pt-PT","@id":"https:\/\/rise-health.pt\/pt-pt\/#\/schema\/logo\/image\/","url":"https:\/\/rise-health.pt\/wp-content\/uploads\/2024\/07\/Logo-SVG.svg","contentUrl":"https:\/\/rise-health.pt\/wp-content\/uploads\/2024\/07\/Logo-SVG.svg","width":220,"height":41,"caption":"Rise Health"},"image":{"@id":"https:\/\/rise-health.pt\/pt-pt\/#\/schema\/logo\/image\/"}}]}},"_links":{"self":[{"href":"https:\/\/rise-health.pt\/pt-pt\/wp-json\/wp\/v2\/pages\/2917","targetHints":{"allow":["GET"]}}],"collection":[{"href":"https:\/\/rise-health.pt\/pt-pt\/wp-json\/wp\/v2\/pages"}],"about":[{"href":"https:\/\/rise-health.pt\/pt-pt\/wp-json\/wp\/v2\/types\/page"}],"author":[{"embeddable":true,"href":"https:\/\/rise-health.pt\/pt-pt\/wp-json\/wp\/v2\/users\/2"}],"replies":[{"embeddable":true,"href":"https:\/\/rise-health.pt\/pt-pt\/wp-json\/wp\/v2\/comments?post=2917"}],"version-history":[{"count":20,"href":"https:\/\/rise-health.pt\/pt-pt\/wp-json\/wp\/v2\/pages\/2917\/revisions"}],"predecessor-version":[{"id":5725,"href":"https:\/\/rise-health.pt\/pt-pt\/wp-json\/wp\/v2\/pages\/2917\/revisions\/5725"}],"up":[{"embeddable":true,"href":"https:\/\/rise-health.pt\/pt-pt\/wp-json\/wp\/v2\/pages\/2479"}],"wp:attachment":[{"href":"https:\/\/rise-health.pt\/pt-pt\/wp-json\/wp\/v2\/media?parent=2917"}],"curies":[{"name":"wp","href":"https:\/\/api.w.org\/{rel}","templated":true}]}}