{"id":2498,"date":"2024-08-02T17:12:18","date_gmt":"2024-08-02T17:12:18","guid":{"rendered":"https:\/\/rise-health.pt\/home\/research-innovation__trashed\/projects\/"},"modified":"2025-07-04T14:44:10","modified_gmt":"2025-07-04T14:44:10","slug":"projetos","status":"publish","type":"page","link":"https:\/\/rise-health.pt\/pt-pt\/home\/investigacao-e-inovacao\/projetos\/","title":{"rendered":"Projetos"},"content":{"rendered":"\t\t<div data-elementor-type=\"wp-page\" data-elementor-id=\"2498\" class=\"elementor elementor-2498 elementor-1109\" data-elementor-post-type=\"page\">\n\t\t\t\t\t\t<section class=\"elementor-section elementor-top-section elementor-element elementor-element-85fafbb elementor-section-height-min-height elementor-section-content-bottom elementor-section-boxed elementor-section-height-default elementor-section-items-middle\" data-id=\"85fafbb\" data-element_type=\"section\" data-e-type=\"section\">\n\t\t\t\t\t\t<div class=\"elementor-container elementor-column-gap-default\">\n\t\t\t\t\t<div class=\"elementor-column elementor-col-100 elementor-top-column elementor-element elementor-element-958fb4b\" data-id=\"958fb4b\" data-element_type=\"column\" data-e-type=\"column\">\n\t\t\t<div class=\"elementor-widget-wrap elementor-element-populated\">\n\t\t\t\t\t\t<div class=\"elementor-element elementor-element-6793244 elementor-widget elementor-widget-heading\" data-id=\"6793244\" data-element_type=\"widget\" data-e-type=\"widget\" data-widget_type=\"heading.default\">\n\t\t\t\t<div class=\"elementor-widget-container\">\n\t\t\t\t\t<h2 class=\"elementor-heading-title elementor-size-default\">Projetos RISE-Health<\/h2>\t\t\t\t<\/div>\n\t\t\t\t<\/div>\n\t\t\t\t<div class=\"elementor-element elementor-element-1834440 elementor-widget elementor-widget-image\" data-id=\"1834440\" data-element_type=\"widget\" data-e-type=\"widget\" data-widget_type=\"image.default\">\n\t\t\t\t<div class=\"elementor-widget-container\">\n\t\t\t\t\t\t\t\t\t\t\t\t\t\t\t\t<a href=\"https:\/\/rise-health.pt\/pt-pt\/2025\/06\/18\/ebiguardian\/\">\n\t\t\t\t\t\t\t<img fetchpriority=\"high\" decoding=\"async\" width=\"261\" height=\"300\" src=\"https:\/\/rise-health.pt\/wp-content\/uploads\/2025\/06\/EBIGuardian-colour-261x300.png\" class=\"attachment-medium size-medium wp-image-4075\" alt=\"\" srcset=\"https:\/\/rise-health.pt\/wp-content\/uploads\/2025\/06\/EBIGuardian-colour-261x300.png 261w, https:\/\/rise-health.pt\/wp-content\/uploads\/2025\/06\/EBIGuardian-colour-890x1024.png 890w, https:\/\/rise-health.pt\/wp-content\/uploads\/2025\/06\/EBIGuardian-colour-768x883.png 768w, https:\/\/rise-health.pt\/wp-content\/uploads\/2025\/06\/EBIGuardian-colour-1336x1536.png 1336w, https:\/\/rise-health.pt\/wp-content\/uploads\/2025\/06\/EBIGuardian-colour-1781x2048.png 1781w\" sizes=\"(max-width: 261px) 100vw, 261px\" \/>\t\t\t\t\t\t\t\t<\/a>\n\t\t\t\t\t\t\t\t\t\t\t\t\t\t\t<\/div>\n\t\t\t\t<\/div>\n\t\t\t\t<div class=\"elementor-element elementor-element-c4116e5 elementor-widget-divider--view-line elementor-widget elementor-widget-divider\" data-id=\"c4116e5\" data-element_type=\"widget\" data-e-type=\"widget\" data-widget_type=\"divider.default\">\n\t\t\t\t<div class=\"elementor-widget-container\">\n\t\t\t\t\t\t\t<div class=\"elementor-divider\">\n\t\t\t<span class=\"elementor-divider-separator\">\n\t\t\t\t\t\t<\/span>\n\t\t<\/div>\n\t\t\t\t\t\t<\/div>\n\t\t\t\t<\/div>\n\t\t\t\t<div class=\"elementor-element elementor-element-c2b59a6 elementor-widget elementor-widget-heading\" data-id=\"c2b59a6\" data-element_type=\"widget\" data-e-type=\"widget\" data-widget_type=\"heading.default\">\n\t\t\t\t<div class=\"elementor-widget-container\">\n\t\t\t\t\t<h2 class=\"elementor-heading-title elementor-size-default\">Financiamento Global \n<br> RISE-Health 2018-2023<\/h2>\t\t\t\t<\/div>\n\t\t\t\t<\/div>\n\t\t\t\t<div class=\"elementor-element elementor-element-4f42838 elementor-hidden-mobile elementor-widget elementor-widget-image\" data-id=\"4f42838\" data-element_type=\"widget\" data-e-type=\"widget\" data-widget_type=\"image.default\">\n\t\t\t\t<div class=\"elementor-widget-container\">\n\t\t\t\t\t\t\t\t\t\t\t\t\t\t\t<img decoding=\"async\" width=\"1189\" height=\"818\" src=\"https:\/\/rise-health.pt\/wp-content\/uploads\/2024\/10\/funding-desktop-pt.png\" class=\"attachment-full size-full wp-image-2891\" alt=\"\" srcset=\"https:\/\/rise-health.pt\/wp-content\/uploads\/2024\/10\/funding-desktop-pt.png 1189w, https:\/\/rise-health.pt\/wp-content\/uploads\/2024\/10\/funding-desktop-pt-300x206.png 300w, https:\/\/rise-health.pt\/wp-content\/uploads\/2024\/10\/funding-desktop-pt-1024x704.png 1024w, https:\/\/rise-health.pt\/wp-content\/uploads\/2024\/10\/funding-desktop-pt-768x528.png 768w\" sizes=\"(max-width: 1189px) 100vw, 1189px\" \/>\t\t\t\t\t\t\t\t\t\t\t\t\t\t\t<\/div>\n\t\t\t\t<\/div>\n\t\t\t\t<div class=\"elementor-element elementor-element-c19ade8 elementor-hidden-desktop elementor-hidden-tablet elementor-widget elementor-widget-image\" data-id=\"c19ade8\" data-element_type=\"widget\" data-e-type=\"widget\" data-widget_type=\"image.default\">\n\t\t\t\t<div class=\"elementor-widget-container\">\n\t\t\t\t\t\t\t\t\t\t\t\t\t\t\t<img decoding=\"async\" width=\"862\" height=\"833\" src=\"https:\/\/rise-health.pt\/wp-content\/uploads\/2024\/10\/funding-mobile-pt.png\" class=\"attachment-full size-full wp-image-2895\" alt=\"\" srcset=\"https:\/\/rise-health.pt\/wp-content\/uploads\/2024\/10\/funding-mobile-pt.png 862w, https:\/\/rise-health.pt\/wp-content\/uploads\/2024\/10\/funding-mobile-pt-300x290.png 300w, https:\/\/rise-health.pt\/wp-content\/uploads\/2024\/10\/funding-mobile-pt-768x742.png 768w\" sizes=\"(max-width: 862px) 100vw, 862px\" \/>\t\t\t\t\t\t\t\t\t\t\t\t\t\t\t<\/div>\n\t\t\t\t<\/div>\n\t\t\t\t\t<\/div>\n\t\t<\/div>\n\t\t\t\t\t<\/div>\n\t\t<\/section>\n\t\t\t\t<section class=\"elementor-section elementor-top-section elementor-element elementor-element-e986ece elementor-section-content-bottom elementor-section-boxed elementor-section-height-default elementor-section-height-default\" data-id=\"e986ece\" data-element_type=\"section\" data-e-type=\"section\">\n\t\t\t\t\t\t<div class=\"elementor-container elementor-column-gap-default\">\n\t\t\t\t\t<div class=\"elementor-column elementor-col-100 elementor-top-column elementor-element elementor-element-bf19d33\" data-id=\"bf19d33\" data-element_type=\"column\" data-e-type=\"column\">\n\t\t\t<div class=\"elementor-widget-wrap elementor-element-populated\">\n\t\t\t\t\t\t<div class=\"elementor-element elementor-element-3f5c1af elementor-widget elementor-widget-heading\" data-id=\"3f5c1af\" data-element_type=\"widget\" data-e-type=\"widget\" data-widget_type=\"heading.default\">\n\t\t\t\t<div class=\"elementor-widget-container\">\n\t\t\t\t\t<h2 class=\"elementor-heading-title elementor-size-default\">Projetos (2018-2023)<\/h2>\t\t\t\t<\/div>\n\t\t\t\t<\/div>\n\t\t\t\t<div class=\"elementor-element elementor-element-f8a7360 elementor-widget-mobile__width-inherit elementor-widget elementor-widget-text-editor\" data-id=\"f8a7360\" data-element_type=\"widget\" data-e-type=\"widget\" data-widget_type=\"text-editor.default\">\n\t\t\t\t<div class=\"elementor-widget-container\">\n\t\t\t\t\t\t\t\t\t<p>Os resultados cient\u00edficos globais do RISE-Health, dentro de seu ecossistema de inova\u00e7\u00e3o em investiga\u00e7\u00e3o, englobam colabora\u00e7\u00f5es internacionais, cruciais para o desenvolvimento de sinergias e de novas ideias de investiga\u00e7\u00e3o. Neste \u00e2mbito, foram mantidas ou estabelecidas colabora\u00e7\u00f5es significativas em v\u00e1rios campos cient\u00edficos. Essas a\u00e7\u00f5es incluem a participa\u00e7\u00e3o ativa em projetos de investiga\u00e7\u00e3o concorrente a financiamento internacional competitivo e iniciativas de redes de investiga\u00e7\u00e3o europeias e globais.<\/p><p>Um aspeto crucial \u00e9 ser proativo na busca por financiamento competitivo. Nesse contexto, a maioria dos investigadores RISE-Health apresentou candidaturas para financiamentos competitivos nacionais ou internacionais, e muitos foram bem-sucedidos (com mais de 30 milh\u00f5es de euros de fundos concedidos).<\/p>\t\t\t\t\t\t\t\t<\/div>\n\t\t\t\t<\/div>\n\t\t\t\t<div class=\"elementor-element elementor-element-3215b3c elementor-widget__width-inherit elementor-widget elementor-widget-button\" data-id=\"3215b3c\" data-element_type=\"widget\" data-e-type=\"widget\" data-widget_type=\"button.default\">\n\t\t\t\t<div class=\"elementor-widget-container\">\n\t\t\t\t\t\t\t\t\t<div class=\"elementor-button-wrapper\">\n\t\t\t\t\t<a class=\"elementor-button elementor-button-link elementor-size-sm\" href=\"https:\/\/rise-health.pt\/wp-content\/uploads\/2024\/08\/Lista_Projetos.pdf\" target=\"_blank\">\n\t\t\t\t\t\t<span class=\"elementor-button-content-wrapper\">\n\t\t\t\t\t\t<span class=\"elementor-button-icon\">\n\t\t\t\t<svg xmlns=\"http:\/\/www.w3.org\/2000\/svg\" width=\"26.536\" height=\"26.536\" viewBox=\"0 0 26.536 26.536\"><path id=\"Icon_akar-arrow-up-left\" data-name=\"Icon akar-arrow-up-left\" d=\"M0,0,19.106,19.106M15.921,0H0V15.921\" transform=\"matrix(-0.259, 0.966, -0.966, -0.259, 24.699, 6.668)\" fill=\"none\" stroke=\"#fff\" stroke-width=\"3\"><\/path><\/svg>\t\t\t<\/span>\n\t\t\t\t\t\t\t\t\t<span class=\"elementor-button-text\">Descarregar Lista<\/span>\n\t\t\t\t\t<\/span>\n\t\t\t\t\t<\/a>\n\t\t\t\t<\/div>\n\t\t\t\t\t\t\t\t<\/div>\n\t\t\t\t<\/div>\n\t\t\t\t\t<\/div>\n\t\t<\/div>\n\t\t\t\t\t<\/div>\n\t\t<\/section>\n\t\t\t\t<section class=\"elementor-section elementor-top-section elementor-element elementor-element-45675be elementor-section-content-bottom elementor-section-boxed elementor-section-height-default elementor-section-height-default\" data-id=\"45675be\" data-element_type=\"section\" data-e-type=\"section\">\n\t\t\t\t\t\t<div class=\"elementor-container elementor-column-gap-default\">\n\t\t\t\t\t<div class=\"elementor-column elementor-col-100 elementor-top-column elementor-element elementor-element-d547523\" data-id=\"d547523\" data-element_type=\"column\" data-e-type=\"column\">\n\t\t\t<div class=\"elementor-widget-wrap elementor-element-populated\">\n\t\t\t\t\t\t<div class=\"elementor-element elementor-element-7fc805f elementor-widget elementor-widget-heading\" data-id=\"7fc805f\" data-element_type=\"widget\" data-e-type=\"widget\" data-widget_type=\"heading.default\">\n\t\t\t\t<div class=\"elementor-widget-container\">\n\t\t\t\t\t<h2 class=\"elementor-heading-title elementor-size-default\">Estudos Cl\u00ednicos<\/h2>\t\t\t\t<\/div>\n\t\t\t\t<\/div>\n\t\t\t\t<div class=\"elementor-element elementor-element-8a66e1f elementor-widget-mobile__width-inherit elementor-widget elementor-widget-text-editor\" data-id=\"8a66e1f\" data-element_type=\"widget\" data-e-type=\"widget\" data-widget_type=\"text-editor.default\">\n\t\t\t\t<div class=\"elementor-widget-container\">\n\t\t\t\t\t\t\t\t\t<p>Os investigadores do RISE-Health lideraram cerca de 1 000 estudos cl\u00ednicos no per\u00edodo 2018-2023, focados principalmente nas \u00e1reas de Sistemas Card\u00edacos e Cardiovasculares, Farmacologia e Farm\u00e1cia, Sa\u00fade P\u00fablica, Ambiental e Ocupacional, Cirurgia, Bioqu\u00edmica e Biologia Molecular, Endocrinologia e Metabolismo, Neurologia Cl\u00ednica, Oncologia, Doen\u00e7as Vasculares Perif\u00e9ricas, Sistema Respirat\u00f3rio, Pediatria, Nutri\u00e7\u00e3o e Diet\u00e9tica, Gastroenterologia e Hepatologia, e Alergia.<\/p>\t\t\t\t\t\t\t\t<\/div>\n\t\t\t\t<\/div>\n\t\t\t\t<div class=\"elementor-element elementor-element-0926a0f elementor-widget__width-inherit elementor-widget elementor-widget-button\" data-id=\"0926a0f\" data-element_type=\"widget\" data-e-type=\"widget\" data-widget_type=\"button.default\">\n\t\t\t\t<div class=\"elementor-widget-container\">\n\t\t\t\t\t\t\t\t\t<div class=\"elementor-button-wrapper\">\n\t\t\t\t\t<a class=\"elementor-button elementor-button-link elementor-size-sm\" href=\"https:\/\/uporto-fmup.portalinvestigacao.com\/\" target=\"_blank\">\n\t\t\t\t\t\t<span class=\"elementor-button-content-wrapper\">\n\t\t\t\t\t\t<span class=\"elementor-button-icon\">\n\t\t\t\t<svg xmlns=\"http:\/\/www.w3.org\/2000\/svg\" width=\"26.536\" height=\"26.536\" viewBox=\"0 0 26.536 26.536\"><path id=\"Icon_akar-arrow-up-left\" data-name=\"Icon akar-arrow-up-left\" d=\"M0,0,19.106,19.106M15.921,0H0V15.921\" transform=\"matrix(-0.259, 0.966, -0.966, -0.259, 24.699, 6.668)\" fill=\"none\" stroke=\"#fff\" stroke-width=\"3\"><\/path><\/svg>\t\t\t<\/span>\n\t\t\t\t\t\t\t\t\t<span class=\"elementor-button-text\">Ver Lista<\/span>\n\t\t\t\t\t<\/span>\n\t\t\t\t\t<\/a>\n\t\t\t\t<\/div>\n\t\t\t\t\t\t\t\t<\/div>\n\t\t\t\t<\/div>\n\t\t\t\t\t<\/div>\n\t\t<\/div>\n\t\t\t\t\t<\/div>\n\t\t<\/section>\n\t\t\t\t<\/div>\n\t\t","protected":false},"excerpt":{"rendered":"<p>Projetos RISE-Health Financiamento Global RISE-Health 2018-2023 Projetos (2018-2023) Os resultados cient\u00edficos globais do RISE-Health, dentro de seu ecossistema de inova\u00e7\u00e3o em investiga\u00e7\u00e3o, englobam colabora\u00e7\u00f5es internacionais, cruciais para o desenvolvimento de sinergias e de novas ideias de investiga\u00e7\u00e3o. Neste \u00e2mbito, foram mantidas ou estabelecidas colabora\u00e7\u00f5es significativas em v\u00e1rios campos cient\u00edficos. Essas a\u00e7\u00f5es incluem a participa\u00e7\u00e3o ativa [&hellip;]<\/p>\n","protected":false},"author":2,"featured_media":0,"parent":2244,"menu_order":0,"comment_status":"closed","ping_status":"closed","template":"elementor_header_footer","meta":{"footnotes":""},"class_list":["post-2498","page","type-page","status-publish","hentry"],"yoast_head":"<!-- This site is optimized with the Yoast SEO plugin v27.4 - https:\/\/yoast.com\/product\/yoast-seo-wordpress\/ -->\n<title>Projetos - RISE Health<\/title>\n<meta name=\"robots\" content=\"index, follow, max-snippet:-1, max-image-preview:large, max-video-preview:-1\" \/>\n<link rel=\"canonical\" href=\"https:\/\/rise-health.pt\/pt-pt\/home\/investigacao-e-inovacao\/projetos\/\" \/>\n<meta property=\"og:locale\" content=\"pt_PT\" \/>\n<meta property=\"og:type\" content=\"article\" \/>\n<meta property=\"og:title\" content=\"Projetos - RISE Health\" \/>\n<meta property=\"og:description\" content=\"Projetos RISE-Health Financiamento Global RISE-Health 2018-2023 Projetos (2018-2023) Os resultados cient\u00edficos globais do RISE-Health, dentro de seu ecossistema de inova\u00e7\u00e3o em investiga\u00e7\u00e3o, englobam colabora\u00e7\u00f5es internacionais, cruciais para o desenvolvimento de sinergias e de novas ideias de investiga\u00e7\u00e3o. Neste \u00e2mbito, foram mantidas ou estabelecidas colabora\u00e7\u00f5es significativas em v\u00e1rios campos cient\u00edficos. Essas a\u00e7\u00f5es incluem a participa\u00e7\u00e3o ativa [&hellip;]\" \/>\n<meta property=\"og:url\" content=\"https:\/\/rise-health.pt\/pt-pt\/home\/investigacao-e-inovacao\/projetos\/\" \/>\n<meta property=\"og:site_name\" content=\"RISE Health\" \/>\n<meta property=\"article:modified_time\" content=\"2025-07-04T14:44:10+00:00\" \/>\n<meta property=\"og:image\" content=\"https:\/\/rise-health.pt\/wp-content\/uploads\/2025\/06\/EBIGuardian-colour-890x1024.png\" \/>\n\t<meta property=\"og:image:width\" content=\"890\" \/>\n\t<meta property=\"og:image:height\" content=\"1024\" \/>\n\t<meta property=\"og:image:type\" content=\"image\/png\" \/>\n<meta name=\"twitter:card\" content=\"summary_large_image\" \/>\n<meta name=\"twitter:label1\" content=\"Tempo estimado de leitura\" \/>\n\t<meta name=\"twitter:data1\" content=\"2 minutos\" \/>\n<script type=\"application\/ld+json\" class=\"yoast-schema-graph\">{\"@context\":\"https:\\\/\\\/schema.org\",\"@graph\":[{\"@type\":\"WebPage\",\"@id\":\"https:\\\/\\\/rise-health.pt\\\/pt-pt\\\/home\\\/investigacao-e-inovacao\\\/projetos\\\/\",\"url\":\"https:\\\/\\\/rise-health.pt\\\/pt-pt\\\/home\\\/investigacao-e-inovacao\\\/projetos\\\/\",\"name\":\"Projetos - RISE Health\",\"isPartOf\":{\"@id\":\"https:\\\/\\\/rise-health.pt\\\/pt-pt\\\/#website\"},\"primaryImageOfPage\":{\"@id\":\"https:\\\/\\\/rise-health.pt\\\/pt-pt\\\/home\\\/investigacao-e-inovacao\\\/projetos\\\/#primaryimage\"},\"image\":{\"@id\":\"https:\\\/\\\/rise-health.pt\\\/pt-pt\\\/home\\\/investigacao-e-inovacao\\\/projetos\\\/#primaryimage\"},\"thumbnailUrl\":\"https:\\\/\\\/rise-health.pt\\\/wp-content\\\/uploads\\\/2025\\\/06\\\/EBIGuardian-colour-261x300.png\",\"datePublished\":\"2024-08-02T17:12:18+00:00\",\"dateModified\":\"2025-07-04T14:44:10+00:00\",\"breadcrumb\":{\"@id\":\"https:\\\/\\\/rise-health.pt\\\/pt-pt\\\/home\\\/investigacao-e-inovacao\\\/projetos\\\/#breadcrumb\"},\"inLanguage\":\"pt-PT\",\"potentialAction\":[{\"@type\":\"ReadAction\",\"target\":[\"https:\\\/\\\/rise-health.pt\\\/pt-pt\\\/home\\\/investigacao-e-inovacao\\\/projetos\\\/\"]}]},{\"@type\":\"ImageObject\",\"inLanguage\":\"pt-PT\",\"@id\":\"https:\\\/\\\/rise-health.pt\\\/pt-pt\\\/home\\\/investigacao-e-inovacao\\\/projetos\\\/#primaryimage\",\"url\":\"https:\\\/\\\/rise-health.pt\\\/wp-content\\\/uploads\\\/2025\\\/06\\\/EBIGuardian-colour-261x300.png\",\"contentUrl\":\"https:\\\/\\\/rise-health.pt\\\/wp-content\\\/uploads\\\/2025\\\/06\\\/EBIGuardian-colour-261x300.png\"},{\"@type\":\"BreadcrumbList\",\"@id\":\"https:\\\/\\\/rise-health.pt\\\/pt-pt\\\/home\\\/investigacao-e-inovacao\\\/projetos\\\/#breadcrumb\",\"itemListElement\":[{\"@type\":\"ListItem\",\"position\":1,\"name\":\"Home\",\"item\":\"https:\\\/\\\/rise-health.pt\\\/pt-pt\\\/home\\\/\"},{\"@type\":\"ListItem\",\"position\":2,\"name\":\"Investiga\u00e7\u00e3o e Inova\u00e7\u00e3o\",\"item\":\"https:\\\/\\\/rise-health.pt\\\/pt-pt\\\/home\\\/investigacao-e-inovacao\\\/\"},{\"@type\":\"ListItem\",\"position\":3,\"name\":\"Projetos\"}]},{\"@type\":\"WebSite\",\"@id\":\"https:\\\/\\\/rise-health.pt\\\/pt-pt\\\/#website\",\"url\":\"https:\\\/\\\/rise-health.pt\\\/pt-pt\\\/\",\"name\":\"RISE Health\",\"description\":\"RISE Health\",\"publisher\":{\"@id\":\"https:\\\/\\\/rise-health.pt\\\/pt-pt\\\/#organization\"},\"potentialAction\":[{\"@type\":\"SearchAction\",\"target\":{\"@type\":\"EntryPoint\",\"urlTemplate\":\"https:\\\/\\\/rise-health.pt\\\/pt-pt\\\/?s={search_term_string}\"},\"query-input\":{\"@type\":\"PropertyValueSpecification\",\"valueRequired\":true,\"valueName\":\"search_term_string\"}}],\"inLanguage\":\"pt-PT\"},{\"@type\":\"Organization\",\"@id\":\"https:\\\/\\\/rise-health.pt\\\/pt-pt\\\/#organization\",\"name\":\"Rise Health\",\"url\":\"https:\\\/\\\/rise-health.pt\\\/pt-pt\\\/\",\"logo\":{\"@type\":\"ImageObject\",\"inLanguage\":\"pt-PT\",\"@id\":\"https:\\\/\\\/rise-health.pt\\\/pt-pt\\\/#\\\/schema\\\/logo\\\/image\\\/\",\"url\":\"https:\\\/\\\/rise-health.pt\\\/wp-content\\\/uploads\\\/2024\\\/07\\\/Logo-SVG.svg\",\"contentUrl\":\"https:\\\/\\\/rise-health.pt\\\/wp-content\\\/uploads\\\/2024\\\/07\\\/Logo-SVG.svg\",\"width\":220,\"height\":41,\"caption\":\"Rise Health\"},\"image\":{\"@id\":\"https:\\\/\\\/rise-health.pt\\\/pt-pt\\\/#\\\/schema\\\/logo\\\/image\\\/\"}}]}<\/script>\n<!-- \/ Yoast SEO plugin. -->","yoast_head_json":{"title":"Projetos - RISE Health","robots":{"index":"index","follow":"follow","max-snippet":"max-snippet:-1","max-image-preview":"max-image-preview:large","max-video-preview":"max-video-preview:-1"},"canonical":"https:\/\/rise-health.pt\/pt-pt\/home\/investigacao-e-inovacao\/projetos\/","og_locale":"pt_PT","og_type":"article","og_title":"Projetos - RISE Health","og_description":"Projetos RISE-Health Financiamento Global RISE-Health 2018-2023 Projetos (2018-2023) Os resultados cient\u00edficos globais do RISE-Health, dentro de seu ecossistema de inova\u00e7\u00e3o em investiga\u00e7\u00e3o, englobam colabora\u00e7\u00f5es internacionais, cruciais para o desenvolvimento de sinergias e de novas ideias de investiga\u00e7\u00e3o. Neste \u00e2mbito, foram mantidas ou estabelecidas colabora\u00e7\u00f5es significativas em v\u00e1rios campos cient\u00edficos. Essas a\u00e7\u00f5es incluem a participa\u00e7\u00e3o ativa [&hellip;]","og_url":"https:\/\/rise-health.pt\/pt-pt\/home\/investigacao-e-inovacao\/projetos\/","og_site_name":"RISE Health","article_modified_time":"2025-07-04T14:44:10+00:00","og_image":[{"width":890,"height":1024,"url":"https:\/\/rise-health.pt\/wp-content\/uploads\/2025\/06\/EBIGuardian-colour-890x1024.png","type":"image\/png"}],"twitter_card":"summary_large_image","twitter_misc":{"Tempo estimado de leitura":"2 minutos"},"schema":{"@context":"https:\/\/schema.org","@graph":[{"@type":"WebPage","@id":"https:\/\/rise-health.pt\/pt-pt\/home\/investigacao-e-inovacao\/projetos\/","url":"https:\/\/rise-health.pt\/pt-pt\/home\/investigacao-e-inovacao\/projetos\/","name":"Projetos - RISE Health","isPartOf":{"@id":"https:\/\/rise-health.pt\/pt-pt\/#website"},"primaryImageOfPage":{"@id":"https:\/\/rise-health.pt\/pt-pt\/home\/investigacao-e-inovacao\/projetos\/#primaryimage"},"image":{"@id":"https:\/\/rise-health.pt\/pt-pt\/home\/investigacao-e-inovacao\/projetos\/#primaryimage"},"thumbnailUrl":"https:\/\/rise-health.pt\/wp-content\/uploads\/2025\/06\/EBIGuardian-colour-261x300.png","datePublished":"2024-08-02T17:12:18+00:00","dateModified":"2025-07-04T14:44:10+00:00","breadcrumb":{"@id":"https:\/\/rise-health.pt\/pt-pt\/home\/investigacao-e-inovacao\/projetos\/#breadcrumb"},"inLanguage":"pt-PT","potentialAction":[{"@type":"ReadAction","target":["https:\/\/rise-health.pt\/pt-pt\/home\/investigacao-e-inovacao\/projetos\/"]}]},{"@type":"ImageObject","inLanguage":"pt-PT","@id":"https:\/\/rise-health.pt\/pt-pt\/home\/investigacao-e-inovacao\/projetos\/#primaryimage","url":"https:\/\/rise-health.pt\/wp-content\/uploads\/2025\/06\/EBIGuardian-colour-261x300.png","contentUrl":"https:\/\/rise-health.pt\/wp-content\/uploads\/2025\/06\/EBIGuardian-colour-261x300.png"},{"@type":"BreadcrumbList","@id":"https:\/\/rise-health.pt\/pt-pt\/home\/investigacao-e-inovacao\/projetos\/#breadcrumb","itemListElement":[{"@type":"ListItem","position":1,"name":"Home","item":"https:\/\/rise-health.pt\/pt-pt\/home\/"},{"@type":"ListItem","position":2,"name":"Investiga\u00e7\u00e3o e Inova\u00e7\u00e3o","item":"https:\/\/rise-health.pt\/pt-pt\/home\/investigacao-e-inovacao\/"},{"@type":"ListItem","position":3,"name":"Projetos"}]},{"@type":"WebSite","@id":"https:\/\/rise-health.pt\/pt-pt\/#website","url":"https:\/\/rise-health.pt\/pt-pt\/","name":"RISE Health","description":"RISE Health","publisher":{"@id":"https:\/\/rise-health.pt\/pt-pt\/#organization"},"potentialAction":[{"@type":"SearchAction","target":{"@type":"EntryPoint","urlTemplate":"https:\/\/rise-health.pt\/pt-pt\/?s={search_term_string}"},"query-input":{"@type":"PropertyValueSpecification","valueRequired":true,"valueName":"search_term_string"}}],"inLanguage":"pt-PT"},{"@type":"Organization","@id":"https:\/\/rise-health.pt\/pt-pt\/#organization","name":"Rise Health","url":"https:\/\/rise-health.pt\/pt-pt\/","logo":{"@type":"ImageObject","inLanguage":"pt-PT","@id":"https:\/\/rise-health.pt\/pt-pt\/#\/schema\/logo\/image\/","url":"https:\/\/rise-health.pt\/wp-content\/uploads\/2024\/07\/Logo-SVG.svg","contentUrl":"https:\/\/rise-health.pt\/wp-content\/uploads\/2024\/07\/Logo-SVG.svg","width":220,"height":41,"caption":"Rise Health"},"image":{"@id":"https:\/\/rise-health.pt\/pt-pt\/#\/schema\/logo\/image\/"}}]}},"_links":{"self":[{"href":"https:\/\/rise-health.pt\/pt-pt\/wp-json\/wp\/v2\/pages\/2498","targetHints":{"allow":["GET"]}}],"collection":[{"href":"https:\/\/rise-health.pt\/pt-pt\/wp-json\/wp\/v2\/pages"}],"about":[{"href":"https:\/\/rise-health.pt\/pt-pt\/wp-json\/wp\/v2\/types\/page"}],"author":[{"embeddable":true,"href":"https:\/\/rise-health.pt\/pt-pt\/wp-json\/wp\/v2\/users\/2"}],"replies":[{"embeddable":true,"href":"https:\/\/rise-health.pt\/pt-pt\/wp-json\/wp\/v2\/comments?post=2498"}],"version-history":[{"count":57,"href":"https:\/\/rise-health.pt\/pt-pt\/wp-json\/wp\/v2\/pages\/2498\/revisions"}],"predecessor-version":[{"id":4585,"href":"https:\/\/rise-health.pt\/pt-pt\/wp-json\/wp\/v2\/pages\/2498\/revisions\/4585"}],"up":[{"embeddable":true,"href":"https:\/\/rise-health.pt\/pt-pt\/wp-json\/wp\/v2\/pages\/2244"}],"wp:attachment":[{"href":"https:\/\/rise-health.pt\/pt-pt\/wp-json\/wp\/v2\/media?parent=2498"}],"curies":[{"name":"wp","href":"https:\/\/api.w.org\/{rel}","templated":true}]}}