{"id":2370,"date":"2024-08-30T11:46:35","date_gmt":"2024-08-30T11:46:35","guid":{"rendered":"https:\/\/rise-health.pt\/home\/outreach-society\/"},"modified":"2025-05-12T14:29:18","modified_gmt":"2025-05-12T14:29:18","slug":"comunicacao-e-sociedade","status":"publish","type":"page","link":"https:\/\/rise-health.pt\/pt-pt\/home\/comunicacao-e-sociedade\/","title":{"rendered":"Comunica\u00e7\u00e3o e Sociedade"},"content":{"rendered":"\t\t<div data-elementor-type=\"wp-page\" data-elementor-id=\"2370\" class=\"elementor elementor-2370 elementor-1901\" data-elementor-post-type=\"page\">\n\t\t\t\t\t\t<section class=\"elementor-section elementor-top-section elementor-element elementor-element-85fafbb elementor-section-height-min-height elementor-section-content-bottom elementor-section-boxed elementor-section-height-default elementor-section-items-middle\" data-id=\"85fafbb\" data-element_type=\"section\" data-e-type=\"section\" data-settings=\"{&quot;background_background&quot;:&quot;classic&quot;}\">\n\t\t\t\t\t\t\t<div class=\"elementor-background-overlay\"><\/div>\n\t\t\t\t\t\t\t<div class=\"elementor-container elementor-column-gap-default\">\n\t\t\t\t\t<div class=\"elementor-column elementor-col-100 elementor-top-column elementor-element elementor-element-958fb4b\" data-id=\"958fb4b\" data-element_type=\"column\" data-e-type=\"column\">\n\t\t\t<div class=\"elementor-widget-wrap elementor-element-populated\">\n\t\t\t\t\t\t<div class=\"elementor-element elementor-element-3b184cf elementor-widget elementor-widget-breadcrumbs\" data-id=\"3b184cf\" data-element_type=\"widget\" data-e-type=\"widget\" data-widget_type=\"breadcrumbs.default\">\n\t\t\t\t<div class=\"elementor-widget-container\">\n\t\t\t\t\t<p id=\"breadcrumbs\"><\/p>\t\t\t\t<\/div>\n\t\t\t\t<\/div>\n\t\t\t\t<div class=\"elementor-element elementor-element-40679e3 elementor-widget elementor-widget-heading\" data-id=\"40679e3\" data-element_type=\"widget\" data-e-type=\"widget\" data-widget_type=\"heading.default\">\n\t\t\t\t<div class=\"elementor-widget-container\">\n\t\t\t\t\t<h2 class=\"elementor-heading-title elementor-size-default\">Comunica\u00e7\u00e3o e Sociedade\n<\/h2>\t\t\t\t<\/div>\n\t\t\t\t<\/div>\n\t\t\t\t<div class=\"elementor-element elementor-element-e0661b8 elementor-widget-mobile__width-inherit elementor-widget elementor-widget-text-editor\" data-id=\"e0661b8\" data-element_type=\"widget\" data-e-type=\"widget\" data-widget_type=\"text-editor.default\">\n\t\t\t\t<div class=\"elementor-widget-container\">\n\t\t\t\t\t\t\t\t\t<p>O RISE-Health est\u00e1 fortemente comprometido com a dissemina\u00e7\u00e3o dos resultados da sua investiga\u00e7\u00e3o e informa\u00e7\u00e3o cient\u00edfica que seja relevante para a potencial melhoria da sa\u00fade, da qualidade de vida e do bem-estar das pessoas.<\/p>\n<p>O reconhecimento social da investiga\u00e7\u00e3o que realiz\u00e1mos pode ser aferido pelo facto de terem sido <b>publicadas nos meios de comunica\u00e7\u00e3o social mais de 10 000 not\u00edcias<\/b>, nos \u00faltimos 6 anos, sobre a nossa produ\u00e7\u00e3o cient\u00edfica, representando um Advertising Automatic Value (AAV) de cerca de 122.500.000\u20ac. <\/p>\n<p>Al\u00e9m disso, foram publicados cerca de <b>30&nbsp;000 posts sobre eventos e estudos<\/b> realizados pelos nossos investigadores em plataformas sociais digitais, que conquistaram cerca de <b>290 000 seguidores.<\/b><\/p>\n<p>\u00c9 importante salientar que o RISE-Health tamb\u00e9m tem estado envolvido na promo\u00e7\u00e3o da Comunica\u00e7\u00e3o da Ci\u00eancia, atrav\u00e9s da participa\u00e7\u00e3o em m\u00faltiplas atividades dirigidas \u00e0 sociedade.<\/p>\t\t\t\t\t\t\t\t<\/div>\n\t\t\t\t<\/div>\n\t\t\t\t\t<\/div>\n\t\t<\/div>\n\t\t\t\t\t<\/div>\n\t\t<\/section>\n\t\t\t\t<\/div>\n\t\t","protected":false},"excerpt":{"rendered":"<p>Comunica\u00e7\u00e3o e Sociedade O RISE-Health est\u00e1 fortemente comprometido com a dissemina\u00e7\u00e3o dos resultados da sua investiga\u00e7\u00e3o e informa\u00e7\u00e3o cient\u00edfica que seja relevante para a potencial melhoria da sa\u00fade, da qualidade de vida e do bem-estar das pessoas. O reconhecimento social da investiga\u00e7\u00e3o que realiz\u00e1mos pode ser aferido pelo facto de terem sido publicadas nos meios [&hellip;]<\/p>\n","protected":false},"author":2,"featured_media":0,"parent":2183,"menu_order":0,"comment_status":"closed","ping_status":"closed","template":"elementor_header_footer","meta":{"footnotes":""},"class_list":["post-2370","page","type-page","status-publish","hentry"],"yoast_head":"<!-- This site is optimized with the Yoast SEO plugin v27.5 - https:\/\/yoast.com\/product\/yoast-seo-wordpress\/ -->\n<title>Comunica\u00e7\u00e3o e Sociedade - RISE Health<\/title>\n<meta name=\"robots\" content=\"index, follow, max-snippet:-1, max-image-preview:large, max-video-preview:-1\" \/>\n<link rel=\"canonical\" href=\"https:\/\/rise-health.pt\/pt-pt\/home\/comunicacao-e-sociedade\/\" \/>\n<meta property=\"og:locale\" content=\"pt_PT\" \/>\n<meta property=\"og:type\" content=\"article\" \/>\n<meta property=\"og:title\" content=\"Comunica\u00e7\u00e3o e Sociedade - RISE Health\" \/>\n<meta property=\"og:description\" content=\"Comunica\u00e7\u00e3o e Sociedade O RISE-Health est\u00e1 fortemente comprometido com a dissemina\u00e7\u00e3o dos resultados da sua investiga\u00e7\u00e3o e informa\u00e7\u00e3o cient\u00edfica que seja relevante para a potencial melhoria da sa\u00fade, da qualidade de vida e do bem-estar das pessoas. O reconhecimento social da investiga\u00e7\u00e3o que realiz\u00e1mos pode ser aferido pelo facto de terem sido publicadas nos meios [&hellip;]\" \/>\n<meta property=\"og:url\" content=\"https:\/\/rise-health.pt\/pt-pt\/home\/comunicacao-e-sociedade\/\" \/>\n<meta property=\"og:site_name\" content=\"RISE Health\" \/>\n<meta property=\"article:modified_time\" content=\"2025-05-12T14:29:18+00:00\" \/>\n<meta name=\"twitter:card\" content=\"summary_large_image\" \/>\n<meta name=\"twitter:label1\" content=\"Tempo estimado de leitura\" \/>\n\t<meta name=\"twitter:data1\" content=\"1 minuto\" \/>\n<script type=\"application\/ld+json\" class=\"yoast-schema-graph\">{\"@context\":\"https:\\\/\\\/schema.org\",\"@graph\":[{\"@type\":\"WebPage\",\"@id\":\"https:\\\/\\\/rise-health.pt\\\/pt-pt\\\/home\\\/comunicacao-e-sociedade\\\/\",\"url\":\"https:\\\/\\\/rise-health.pt\\\/pt-pt\\\/home\\\/comunicacao-e-sociedade\\\/\",\"name\":\"Comunica\u00e7\u00e3o e Sociedade - RISE Health\",\"isPartOf\":{\"@id\":\"https:\\\/\\\/rise-health.pt\\\/pt-pt\\\/#website\"},\"datePublished\":\"2024-08-30T11:46:35+00:00\",\"dateModified\":\"2025-05-12T14:29:18+00:00\",\"breadcrumb\":{\"@id\":\"https:\\\/\\\/rise-health.pt\\\/pt-pt\\\/home\\\/comunicacao-e-sociedade\\\/#breadcrumb\"},\"inLanguage\":\"pt-PT\",\"potentialAction\":[{\"@type\":\"ReadAction\",\"target\":[\"https:\\\/\\\/rise-health.pt\\\/pt-pt\\\/home\\\/comunicacao-e-sociedade\\\/\"]}]},{\"@type\":\"BreadcrumbList\",\"@id\":\"https:\\\/\\\/rise-health.pt\\\/pt-pt\\\/home\\\/comunicacao-e-sociedade\\\/#breadcrumb\",\"itemListElement\":[{\"@type\":\"ListItem\",\"position\":1,\"name\":\"Home\",\"item\":\"https:\\\/\\\/rise-health.pt\\\/pt-pt\\\/home\\\/\"},{\"@type\":\"ListItem\",\"position\":2,\"name\":\"Comunica\u00e7\u00e3o e Sociedade\"}]},{\"@type\":\"WebSite\",\"@id\":\"https:\\\/\\\/rise-health.pt\\\/pt-pt\\\/#website\",\"url\":\"https:\\\/\\\/rise-health.pt\\\/pt-pt\\\/\",\"name\":\"RISE Health\",\"description\":\"RISE Health\",\"publisher\":{\"@id\":\"https:\\\/\\\/rise-health.pt\\\/pt-pt\\\/#organization\"},\"potentialAction\":[{\"@type\":\"SearchAction\",\"target\":{\"@type\":\"EntryPoint\",\"urlTemplate\":\"https:\\\/\\\/rise-health.pt\\\/pt-pt\\\/?s={search_term_string}\"},\"query-input\":{\"@type\":\"PropertyValueSpecification\",\"valueRequired\":true,\"valueName\":\"search_term_string\"}}],\"inLanguage\":\"pt-PT\"},{\"@type\":\"Organization\",\"@id\":\"https:\\\/\\\/rise-health.pt\\\/pt-pt\\\/#organization\",\"name\":\"Rise Health\",\"url\":\"https:\\\/\\\/rise-health.pt\\\/pt-pt\\\/\",\"logo\":{\"@type\":\"ImageObject\",\"inLanguage\":\"pt-PT\",\"@id\":\"https:\\\/\\\/rise-health.pt\\\/pt-pt\\\/#\\\/schema\\\/logo\\\/image\\\/\",\"url\":\"https:\\\/\\\/rise-health.pt\\\/wp-content\\\/uploads\\\/2024\\\/07\\\/Logo-SVG.svg\",\"contentUrl\":\"https:\\\/\\\/rise-health.pt\\\/wp-content\\\/uploads\\\/2024\\\/07\\\/Logo-SVG.svg\",\"width\":220,\"height\":41,\"caption\":\"Rise Health\"},\"image\":{\"@id\":\"https:\\\/\\\/rise-health.pt\\\/pt-pt\\\/#\\\/schema\\\/logo\\\/image\\\/\"}}]}<\/script>\n<!-- \/ Yoast SEO plugin. -->","yoast_head_json":{"title":"Comunica\u00e7\u00e3o e Sociedade - RISE Health","robots":{"index":"index","follow":"follow","max-snippet":"max-snippet:-1","max-image-preview":"max-image-preview:large","max-video-preview":"max-video-preview:-1"},"canonical":"https:\/\/rise-health.pt\/pt-pt\/home\/comunicacao-e-sociedade\/","og_locale":"pt_PT","og_type":"article","og_title":"Comunica\u00e7\u00e3o e Sociedade - RISE Health","og_description":"Comunica\u00e7\u00e3o e Sociedade O RISE-Health est\u00e1 fortemente comprometido com a dissemina\u00e7\u00e3o dos resultados da sua investiga\u00e7\u00e3o e informa\u00e7\u00e3o cient\u00edfica que seja relevante para a potencial melhoria da sa\u00fade, da qualidade de vida e do bem-estar das pessoas. O reconhecimento social da investiga\u00e7\u00e3o que realiz\u00e1mos pode ser aferido pelo facto de terem sido publicadas nos meios [&hellip;]","og_url":"https:\/\/rise-health.pt\/pt-pt\/home\/comunicacao-e-sociedade\/","og_site_name":"RISE Health","article_modified_time":"2025-05-12T14:29:18+00:00","twitter_card":"summary_large_image","twitter_misc":{"Tempo estimado de leitura":"1 minuto"},"schema":{"@context":"https:\/\/schema.org","@graph":[{"@type":"WebPage","@id":"https:\/\/rise-health.pt\/pt-pt\/home\/comunicacao-e-sociedade\/","url":"https:\/\/rise-health.pt\/pt-pt\/home\/comunicacao-e-sociedade\/","name":"Comunica\u00e7\u00e3o e Sociedade - RISE Health","isPartOf":{"@id":"https:\/\/rise-health.pt\/pt-pt\/#website"},"datePublished":"2024-08-30T11:46:35+00:00","dateModified":"2025-05-12T14:29:18+00:00","breadcrumb":{"@id":"https:\/\/rise-health.pt\/pt-pt\/home\/comunicacao-e-sociedade\/#breadcrumb"},"inLanguage":"pt-PT","potentialAction":[{"@type":"ReadAction","target":["https:\/\/rise-health.pt\/pt-pt\/home\/comunicacao-e-sociedade\/"]}]},{"@type":"BreadcrumbList","@id":"https:\/\/rise-health.pt\/pt-pt\/home\/comunicacao-e-sociedade\/#breadcrumb","itemListElement":[{"@type":"ListItem","position":1,"name":"Home","item":"https:\/\/rise-health.pt\/pt-pt\/home\/"},{"@type":"ListItem","position":2,"name":"Comunica\u00e7\u00e3o e Sociedade"}]},{"@type":"WebSite","@id":"https:\/\/rise-health.pt\/pt-pt\/#website","url":"https:\/\/rise-health.pt\/pt-pt\/","name":"RISE Health","description":"RISE Health","publisher":{"@id":"https:\/\/rise-health.pt\/pt-pt\/#organization"},"potentialAction":[{"@type":"SearchAction","target":{"@type":"EntryPoint","urlTemplate":"https:\/\/rise-health.pt\/pt-pt\/?s={search_term_string}"},"query-input":{"@type":"PropertyValueSpecification","valueRequired":true,"valueName":"search_term_string"}}],"inLanguage":"pt-PT"},{"@type":"Organization","@id":"https:\/\/rise-health.pt\/pt-pt\/#organization","name":"Rise Health","url":"https:\/\/rise-health.pt\/pt-pt\/","logo":{"@type":"ImageObject","inLanguage":"pt-PT","@id":"https:\/\/rise-health.pt\/pt-pt\/#\/schema\/logo\/image\/","url":"https:\/\/rise-health.pt\/wp-content\/uploads\/2024\/07\/Logo-SVG.svg","contentUrl":"https:\/\/rise-health.pt\/wp-content\/uploads\/2024\/07\/Logo-SVG.svg","width":220,"height":41,"caption":"Rise Health"},"image":{"@id":"https:\/\/rise-health.pt\/pt-pt\/#\/schema\/logo\/image\/"}}]}},"_links":{"self":[{"href":"https:\/\/rise-health.pt\/pt-pt\/wp-json\/wp\/v2\/pages\/2370","targetHints":{"allow":["GET"]}}],"collection":[{"href":"https:\/\/rise-health.pt\/pt-pt\/wp-json\/wp\/v2\/pages"}],"about":[{"href":"https:\/\/rise-health.pt\/pt-pt\/wp-json\/wp\/v2\/types\/page"}],"author":[{"embeddable":true,"href":"https:\/\/rise-health.pt\/pt-pt\/wp-json\/wp\/v2\/users\/2"}],"replies":[{"embeddable":true,"href":"https:\/\/rise-health.pt\/pt-pt\/wp-json\/wp\/v2\/comments?post=2370"}],"version-history":[{"count":13,"href":"https:\/\/rise-health.pt\/pt-pt\/wp-json\/wp\/v2\/pages\/2370\/revisions"}],"predecessor-version":[{"id":3734,"href":"https:\/\/rise-health.pt\/pt-pt\/wp-json\/wp\/v2\/pages\/2370\/revisions\/3734"}],"up":[{"embeddable":true,"href":"https:\/\/rise-health.pt\/pt-pt\/wp-json\/wp\/v2\/pages\/2183"}],"wp:attachment":[{"href":"https:\/\/rise-health.pt\/pt-pt\/wp-json\/wp\/v2\/media?parent=2370"}],"curies":[{"name":"wp","href":"https:\/\/api.w.org\/{rel}","templated":true}]}}