{"id":2328,"date":"2024-07-09T11:33:20","date_gmt":"2024-07-09T11:33:20","guid":{"rendered":"https:\/\/rise-health.pt\/presentation\/"},"modified":"2026-03-20T16:35:31","modified_gmt":"2026-03-20T16:35:31","slug":"apresentacao","status":"publish","type":"page","link":"https:\/\/rise-health.pt\/pt-pt\/home\/sobre-nos\/apresentacao\/","title":{"rendered":"Apresenta\u00e7\u00e3o"},"content":{"rendered":"\t\t<div data-elementor-type=\"wp-page\" data-elementor-id=\"2328\" class=\"elementor elementor-2328 elementor-309\" data-elementor-post-type=\"page\">\n\t\t\t\t\t\t<section class=\"elementor-section elementor-top-section elementor-element elementor-element-b0846e4 elementor-section-boxed elementor-section-height-default elementor-section-height-default\" data-id=\"b0846e4\" data-element_type=\"section\" data-e-type=\"section\" data-settings=\"{&quot;background_background&quot;:&quot;classic&quot;}\">\n\t\t\t\t\t\t<div class=\"elementor-container elementor-column-gap-default\">\n\t\t\t\t\t<div class=\"elementor-column elementor-col-100 elementor-top-column elementor-element elementor-element-d0f48c1\" data-id=\"d0f48c1\" data-element_type=\"column\" data-e-type=\"column\">\n\t\t\t<div class=\"elementor-widget-wrap elementor-element-populated\">\n\t\t\t\t\t\t<section class=\"elementor-section elementor-inner-section elementor-element elementor-element-f43d7b7 elementor-section-boxed elementor-section-height-default elementor-section-height-default\" data-id=\"f43d7b7\" data-element_type=\"section\" data-e-type=\"section\">\n\t\t\t\t\t\t<div class=\"elementor-container elementor-column-gap-default\">\n\t\t\t\t\t<div class=\"elementor-column elementor-col-100 elementor-inner-column elementor-element elementor-element-40be6bd\" data-id=\"40be6bd\" data-element_type=\"column\" data-e-type=\"column\">\n\t\t\t<div class=\"elementor-widget-wrap elementor-element-populated\">\n\t\t\t\t\t\t<div class=\"elementor-element elementor-element-b6d41ab elementor-widget elementor-widget-breadcrumbs\" data-id=\"b6d41ab\" data-element_type=\"widget\" data-e-type=\"widget\" data-widget_type=\"breadcrumbs.default\">\n\t\t\t\t<div class=\"elementor-widget-container\">\n\t\t\t\t\t<p id=\"breadcrumbs\"><\/p>\t\t\t\t<\/div>\n\t\t\t\t<\/div>\n\t\t\t\t\t<\/div>\n\t\t<\/div>\n\t\t\t\t\t<\/div>\n\t\t<\/section>\n\t\t\t\t<div class=\"elementor-element elementor-element-9bd0b1f elementor-widget elementor-widget-heading\" data-id=\"9bd0b1f\" data-element_type=\"widget\" data-e-type=\"widget\" data-widget_type=\"heading.default\">\n\t\t\t\t<div class=\"elementor-widget-container\">\n\t\t\t\t\t<h2 class=\"elementor-heading-title elementor-size-default\">Apresenta\u00e7\u00e3o<\/h2>\t\t\t\t<\/div>\n\t\t\t\t<\/div>\n\t\t\t\t<div class=\"elementor-element elementor-element-a07be46 elementor-widget elementor-widget-text-editor\" data-id=\"a07be46\" data-element_type=\"widget\" data-e-type=\"widget\" data-widget_type=\"text-editor.default\">\n\t\t\t\t<div class=\"elementor-widget-container\">\n\t\t\t\t\t\t\t\t\t<p><strong>Um novo centro focado em investiga\u00e7\u00e3o cl\u00ednica e translacional<\/strong><\/p>\t\t\t\t\t\t\t\t<\/div>\n\t\t\t\t<\/div>\n\t\t\t\t<section class=\"elementor-section elementor-inner-section elementor-element elementor-element-5eac6b8 elementor-section-boxed elementor-section-height-default elementor-section-height-default\" data-id=\"5eac6b8\" data-element_type=\"section\" data-e-type=\"section\">\n\t\t\t\t\t\t<div class=\"elementor-container elementor-column-gap-default\">\n\t\t\t\t\t<div class=\"elementor-column elementor-col-50 elementor-inner-column elementor-element elementor-element-7355a98\" data-id=\"7355a98\" data-element_type=\"column\" data-e-type=\"column\">\n\t\t\t<div class=\"elementor-widget-wrap elementor-element-populated\">\n\t\t\t\t\t\t<div class=\"elementor-element elementor-element-24cdce9 elementor-widget elementor-widget-image\" data-id=\"24cdce9\" data-element_type=\"widget\" data-e-type=\"widget\" data-widget_type=\"image.default\">\n\t\t\t\t<div class=\"elementor-widget-container\">\n\t\t\t\t\t\t\t\t\t\t\t\t\t\t\t<img fetchpriority=\"high\" decoding=\"async\" width=\"800\" height=\"1000\" src=\"https:\/\/rise-health.pt\/wp-content\/uploads\/2024\/08\/IMG_1489-819x1024.jpg\" class=\"attachment-large size-large wp-image-2128\" alt=\"\" srcset=\"https:\/\/rise-health.pt\/wp-content\/uploads\/2024\/08\/IMG_1489-819x1024.jpg 819w, https:\/\/rise-health.pt\/wp-content\/uploads\/2024\/08\/IMG_1489-240x300.jpg 240w, https:\/\/rise-health.pt\/wp-content\/uploads\/2024\/08\/IMG_1489-768x960.jpg 768w, https:\/\/rise-health.pt\/wp-content\/uploads\/2024\/08\/IMG_1489.jpg 1000w\" sizes=\"(max-width: 800px) 100vw, 800px\" \/>\t\t\t\t\t\t\t\t\t\t\t\t\t\t\t<\/div>\n\t\t\t\t<\/div>\n\t\t\t\t\t<\/div>\n\t\t<\/div>\n\t\t\t\t<div class=\"elementor-column elementor-col-50 elementor-inner-column elementor-element elementor-element-61ab4a4\" data-id=\"61ab4a4\" data-element_type=\"column\" data-e-type=\"column\">\n\t\t\t<div class=\"elementor-widget-wrap elementor-element-populated\">\n\t\t\t\t\t\t<div class=\"elementor-element elementor-element-64c28d7 elementor-widget elementor-widget-text-editor\" data-id=\"64c28d7\" data-element_type=\"widget\" data-e-type=\"widget\" data-widget_type=\"text-editor.default\">\n\t\t\t\t<div class=\"elementor-widget-container\">\n\t\t\t\t\t\t\t\t\t<p>O <b>RISE-Health \u00e9<\/b> <b>uma Unidade de Investiga\u00e7\u00e3o<\/b> \u00edmpar, criada a partir da fus\u00e3o de quatro Unidades previamente existentes nas \u00e1reas das Ci\u00eancias da Sa\u00fade e da Medicina: <b><a href=\"https:\/\/cintesis.eu\/pt\/homepage\/\" target=\"_blank\" rel=\"noopener\">CINTESIS \u2013 Centro de Investiga\u00e7\u00e3o em Tecnologias e Servi\u00e7os de Sa\u00fade<\/a> <\/b>e\u00a0<b><a href=\"https:\/\/unic.med.up.pt\/\" target=\"_blank\" rel=\"noopener\">UnIC \u2013 Unidade de Investiga\u00e7\u00e3o e Desenvolvimento Cardiovascular<\/a>,<\/b> ambas da Faculdade de Medicina da Universidade do Porto (FMUP), <b><a href=\"https:\/\/www.medinup.pt\/\" target=\"_blank\" rel=\"noopener\">MedInUP \u2013 Centro de Investiga\u00e7\u00e3o Farmacol\u00f3gica e Inova\u00e7\u00e3o Medicamentosa<\/a><\/b>, do ICBAS \u2013 Instituto de Ci\u00eancias Biom\u00e9dicas Abel Salazar,\u00a0e <b><a href=\"https:\/\/www.ubi.pt\/sites\/cics\/en\" target=\"_blank\" rel=\"noopener\">CICS-UBI \u2013 Centro de Investiga\u00e7\u00e3o em Ci\u00eancias da Sa\u00fade<\/a><\/b>, da Faculdade de Ci\u00eancias da Sa\u00fade da Universidade da\u00a0 Beira Interior (UBI).\u00a0<\/p><p>Numa posi\u00e7\u00e3o excecional para fazer avan\u00e7ar as fronteiras da investiga\u00e7\u00e3o biom\u00e9dica e da inova\u00e7\u00e3o desde o laborat\u00f3rio at\u00e9 \u00e0 comunidade, o RISE-Health consubstancia um novo \u201chub\u201d, <b>focado na investiga\u00e7\u00e3o cl\u00ednica e translacional em doen\u00e7as cardiovasculares<\/b>, degenerativas e inflamat\u00f3rias, contando com um painel profundamente multidisciplinar de<b> mais de 1.300 investigadores<\/b> de v\u00e1rias origens, incluindo cientistas b\u00e1sicos e cl\u00ednicos.<\/p>\t\t\t\t\t\t\t\t<\/div>\n\t\t\t\t<\/div>\n\t\t\t\t\t<\/div>\n\t\t<\/div>\n\t\t\t\t\t<\/div>\n\t\t<\/section>\n\t\t\t\t<section class=\"elementor-section elementor-inner-section elementor-element elementor-element-47eee59 elementor-reverse-mobile elementor-section-boxed elementor-section-height-default elementor-section-height-default\" data-id=\"47eee59\" data-element_type=\"section\" data-e-type=\"section\">\n\t\t\t\t\t\t<div class=\"elementor-container elementor-column-gap-default\">\n\t\t\t\t\t<div class=\"elementor-column elementor-col-50 elementor-inner-column elementor-element elementor-element-2e6bd97\" data-id=\"2e6bd97\" data-element_type=\"column\" data-e-type=\"column\">\n\t\t\t<div class=\"elementor-widget-wrap elementor-element-populated\">\n\t\t\t\t\t\t<div class=\"elementor-element elementor-element-2e069b2 elementor-widget elementor-widget-text-editor\" data-id=\"2e069b2\" data-element_type=\"widget\" data-e-type=\"widget\" data-widget_type=\"text-editor.default\">\n\t\t\t\t<div class=\"elementor-widget-container\">\n\t\t\t\t\t\t\t\t\t<p>O RISE-Health \u00e9 suportado por uma infraestrutura cient\u00edfica ampla e robusta, distribu\u00edda por todo o pa\u00eds, que potencia significativamente a massa cr\u00edtica e aumenta as sinergias, contribuindo para aumentar o impacto social. Com sede na FMUP, esta unidade multic\u00eantrica \u00e9 composta por <b>4 escolas m\u00e9dicas<\/b> e <b>3 escolas de enfermagem<\/b>, a <b>par de centros acad\u00e9micos de relevo<\/b> e <b>hospitais de refer\u00eancia<\/b>, privilegiando a colabora\u00e7\u00e3o entre a investiga\u00e7\u00e3o, o ensino, a pr\u00e1tica cl\u00ednica e a inova\u00e7\u00e3o biom\u00e9dica. O seu vasto espetro de compet\u00eancias engloba a sa\u00fade digital, a inform\u00e1tica na sa\u00fade e a intelig\u00eancia artificial.<\/p><p>Enquanto Unidade de I&amp;D abrangente, o RISE-Health representa uma <b>mudan\u00e7a de paradigma <\/b>no atual Sistema Nacional de Investiga\u00e7\u00e3o e Inova\u00e7\u00e3o portugu\u00eas, visando a excel\u00eancia na investiga\u00e7\u00e3o biom\u00e9dica e avan\u00e7os inovadores nos cuidados de sa\u00fade.<\/p>\t\t\t\t\t\t\t\t<\/div>\n\t\t\t\t<\/div>\n\t\t\t\t<div class=\"elementor-element elementor-element-1c07d21 elementor-widget elementor-widget-button\" data-id=\"1c07d21\" data-element_type=\"widget\" data-e-type=\"widget\" data-widget_type=\"button.default\">\n\t\t\t\t<div class=\"elementor-widget-container\">\n\t\t\t\t\t\t\t\t\t<div class=\"elementor-button-wrapper\">\n\t\t\t\t\t<a class=\"elementor-button elementor-button-link elementor-size-sm\" href=\"https:\/\/rise-health.pt\/wp-content\/uploads\/2025\/02\/Booklet-Rise-Health-RD-Unit-Presentation_Jan25.pdf\">\n\t\t\t\t\t\t<span class=\"elementor-button-content-wrapper\">\n\t\t\t\t\t\t<span class=\"elementor-button-icon\">\n\t\t\t\t<svg aria-hidden=\"true\" class=\"e-font-icon-svg e-fas-book-reader\" viewBox=\"0 0 512 512\" xmlns=\"http:\/\/www.w3.org\/2000\/svg\"><path d=\"M352 96c0-53.02-42.98-96-96-96s-96 42.98-96 96 42.98 96 96 96 96-42.98 96-96zM233.59 241.1c-59.33-36.32-155.43-46.3-203.79-49.05C13.55 191.13 0 203.51 0 219.14v222.8c0 14.33 11.59 26.28 26.49 27.05 43.66 2.29 131.99 10.68 193.04 41.43 9.37 4.72 20.48-1.71 20.48-11.87V252.56c-.01-4.67-2.32-8.95-6.42-11.46zm248.61-49.05c-48.35 2.74-144.46 12.73-203.78 49.05-4.1 2.51-6.41 6.96-6.41 11.63v245.79c0 10.19 11.14 16.63 20.54 11.9 61.04-30.72 149.32-39.11 192.97-41.4 14.9-.78 26.49-12.73 26.49-27.06V219.14c-.01-15.63-13.56-28.01-29.81-27.09z\"><\/path><\/svg>\t\t\t<\/span>\n\t\t\t\t\t\t\t\t\t<span class=\"elementor-button-text\">RISE-Health \u2013 Apresenta\u00e7\u00e3o (Brochura em ingl\u00eas)<\/span>\n\t\t\t\t\t<\/span>\n\t\t\t\t\t<\/a>\n\t\t\t\t<\/div>\n\t\t\t\t\t\t\t\t<\/div>\n\t\t\t\t<\/div>\n\t\t\t\t<div class=\"elementor-element elementor-element-7860301 elementor-widget elementor-widget-button\" data-id=\"7860301\" data-element_type=\"widget\" data-e-type=\"widget\" data-widget_type=\"button.default\">\n\t\t\t\t<div class=\"elementor-widget-container\">\n\t\t\t\t\t\t\t\t\t<div class=\"elementor-button-wrapper\">\n\t\t\t\t\t<a class=\"elementor-button elementor-button-link elementor-size-sm\" href=\"https:\/\/rise-health.pt\/wp-content\/uploads\/2026\/02\/Regulamento-do-RISE-Health_Provisorio_03fev2026.pdf\" target=\"_blank\">\n\t\t\t\t\t\t<span class=\"elementor-button-content-wrapper\">\n\t\t\t\t\t\t<span class=\"elementor-button-icon\">\n\t\t\t\t<svg aria-hidden=\"true\" class=\"e-font-icon-svg e-fas-book-reader\" viewBox=\"0 0 512 512\" xmlns=\"http:\/\/www.w3.org\/2000\/svg\"><path d=\"M352 96c0-53.02-42.98-96-96-96s-96 42.98-96 96 42.98 96 96 96 96-42.98 96-96zM233.59 241.1c-59.33-36.32-155.43-46.3-203.79-49.05C13.55 191.13 0 203.51 0 219.14v222.8c0 14.33 11.59 26.28 26.49 27.05 43.66 2.29 131.99 10.68 193.04 41.43 9.37 4.72 20.48-1.71 20.48-11.87V252.56c-.01-4.67-2.32-8.95-6.42-11.46zm248.61-49.05c-48.35 2.74-144.46 12.73-203.78 49.05-4.1 2.51-6.41 6.96-6.41 11.63v245.79c0 10.19 11.14 16.63 20.54 11.9 61.04-30.72 149.32-39.11 192.97-41.4 14.9-.78 26.49-12.73 26.49-27.06V219.14c-.01-15.63-13.56-28.01-29.81-27.09z\"><\/path><\/svg>\t\t\t<\/span>\n\t\t\t\t\t\t\t\t\t<span class=\"elementor-button-text\">RISE-Health \u2013 Regulamento Provis\u00f3rio<\/span>\n\t\t\t\t\t<\/span>\n\t\t\t\t\t<\/a>\n\t\t\t\t<\/div>\n\t\t\t\t\t\t\t\t<\/div>\n\t\t\t\t<\/div>\n\t\t\t\t<div class=\"elementor-element elementor-element-a12fb4d elementor-widget elementor-widget-button\" data-id=\"a12fb4d\" data-element_type=\"widget\" data-e-type=\"widget\" data-widget_type=\"button.default\">\n\t\t\t\t<div class=\"elementor-widget-container\">\n\t\t\t\t\t\t\t\t\t<div class=\"elementor-button-wrapper\">\n\t\t\t\t\t<a class=\"elementor-button elementor-button-link elementor-size-sm\" href=\"https:\/\/zcmp.eu\/O46q\" target=\"_blank\">\n\t\t\t\t\t\t<span class=\"elementor-button-content-wrapper\">\n\t\t\t\t\t\t<span class=\"elementor-button-icon\">\n\t\t\t\t<svg aria-hidden=\"true\" class=\"e-font-icon-svg e-fas-book-reader\" viewBox=\"0 0 512 512\" xmlns=\"http:\/\/www.w3.org\/2000\/svg\"><path d=\"M352 96c0-53.02-42.98-96-96-96s-96 42.98-96 96 42.98 96 96 96 96-42.98 96-96zM233.59 241.1c-59.33-36.32-155.43-46.3-203.79-49.05C13.55 191.13 0 203.51 0 219.14v222.8c0 14.33 11.59 26.28 26.49 27.05 43.66 2.29 131.99 10.68 193.04 41.43 9.37 4.72 20.48-1.71 20.48-11.87V252.56c-.01-4.67-2.32-8.95-6.42-11.46zm248.61-49.05c-48.35 2.74-144.46 12.73-203.78 49.05-4.1 2.51-6.41 6.96-6.41 11.63v245.79c0 10.19 11.14 16.63 20.54 11.9 61.04-30.72 149.32-39.11 192.97-41.4 14.9-.78 26.49-12.73 26.49-27.06V219.14c-.01-15.63-13.56-28.01-29.81-27.09z\"><\/path><\/svg>\t\t\t<\/span>\n\t\t\t\t\t\t\t\t\t<span class=\"elementor-button-text\">Subscreva a nossa Newsletter<\/span>\n\t\t\t\t\t<\/span>\n\t\t\t\t\t<\/a>\n\t\t\t\t<\/div>\n\t\t\t\t\t\t\t\t<\/div>\n\t\t\t\t<\/div>\n\t\t\t\t\t<\/div>\n\t\t<\/div>\n\t\t\t\t<div class=\"elementor-column elementor-col-50 elementor-inner-column elementor-element elementor-element-41e5dce\" data-id=\"41e5dce\" data-element_type=\"column\" data-e-type=\"column\">\n\t\t\t<div class=\"elementor-widget-wrap elementor-element-populated\">\n\t\t\t\t\t\t<div class=\"elementor-element elementor-element-1b0d9cc elementor-widget elementor-widget-image\" data-id=\"1b0d9cc\" data-element_type=\"widget\" data-e-type=\"widget\" data-widget_type=\"image.default\">\n\t\t\t\t<div class=\"elementor-widget-container\">\n\t\t\t\t\t\t\t\t\t\t\t\t\t\t\t<img decoding=\"async\" width=\"800\" height=\"1000\" src=\"https:\/\/rise-health.pt\/wp-content\/uploads\/2024\/08\/FMU06098-Enhanced-NR-819x1024.jpg\" class=\"attachment-large size-large wp-image-2127\" alt=\"\" srcset=\"https:\/\/rise-health.pt\/wp-content\/uploads\/2024\/08\/FMU06098-Enhanced-NR-819x1024.jpg 819w, https:\/\/rise-health.pt\/wp-content\/uploads\/2024\/08\/FMU06098-Enhanced-NR-240x300.jpg 240w, https:\/\/rise-health.pt\/wp-content\/uploads\/2024\/08\/FMU06098-Enhanced-NR-768x961.jpg 768w, https:\/\/rise-health.pt\/wp-content\/uploads\/2024\/08\/FMU06098-Enhanced-NR.jpg 1000w\" sizes=\"(max-width: 800px) 100vw, 800px\" \/>\t\t\t\t\t\t\t\t\t\t\t\t\t\t\t<\/div>\n\t\t\t\t<\/div>\n\t\t\t\t\t<\/div>\n\t\t<\/div>\n\t\t\t\t\t<\/div>\n\t\t<\/section>\n\t\t\t\t\t<\/div>\n\t\t<\/div>\n\t\t\t\t\t<\/div>\n\t\t<\/section>\n\t\t\t\t<\/div>\n\t\t","protected":false},"excerpt":{"rendered":"<p>Apresenta\u00e7\u00e3o Um novo centro focado em investiga\u00e7\u00e3o cl\u00ednica e translacional O RISE-Health \u00e9 uma Unidade de Investiga\u00e7\u00e3o \u00edmpar, criada a partir da fus\u00e3o de quatro Unidades previamente existentes nas \u00e1reas das Ci\u00eancias da Sa\u00fade e da Medicina: CINTESIS \u2013 Centro de Investiga\u00e7\u00e3o em Tecnologias e Servi\u00e7os de Sa\u00fade e\u00a0UnIC \u2013 Unidade de Investiga\u00e7\u00e3o e Desenvolvimento [&hellip;]<\/p>\n","protected":false},"author":2,"featured_media":0,"parent":2479,"menu_order":0,"comment_status":"closed","ping_status":"closed","template":"elementor_header_footer","meta":{"footnotes":""},"class_list":["post-2328","page","type-page","status-publish","hentry"],"yoast_head":"<!-- This site is optimized with the Yoast SEO plugin v27.5 - https:\/\/yoast.com\/product\/yoast-seo-wordpress\/ -->\n<title>Apresenta\u00e7\u00e3o - RISE Health<\/title>\n<meta name=\"robots\" content=\"index, follow, max-snippet:-1, max-image-preview:large, max-video-preview:-1\" \/>\n<link rel=\"canonical\" href=\"https:\/\/rise-health.pt\/pt-pt\/home\/sobre-nos\/apresentacao\/\" \/>\n<meta property=\"og:locale\" content=\"pt_PT\" \/>\n<meta property=\"og:type\" content=\"article\" \/>\n<meta property=\"og:title\" content=\"Apresenta\u00e7\u00e3o - RISE Health\" \/>\n<meta property=\"og:description\" content=\"Apresenta\u00e7\u00e3o Um novo centro focado em investiga\u00e7\u00e3o cl\u00ednica e translacional O RISE-Health \u00e9 uma Unidade de Investiga\u00e7\u00e3o \u00edmpar, criada a partir da fus\u00e3o de quatro Unidades previamente existentes nas \u00e1reas das Ci\u00eancias da Sa\u00fade e da Medicina: CINTESIS \u2013 Centro de Investiga\u00e7\u00e3o em Tecnologias e Servi\u00e7os de Sa\u00fade e\u00a0UnIC \u2013 Unidade de Investiga\u00e7\u00e3o e Desenvolvimento [&hellip;]\" \/>\n<meta property=\"og:url\" content=\"https:\/\/rise-health.pt\/pt-pt\/home\/sobre-nos\/apresentacao\/\" \/>\n<meta property=\"og:site_name\" content=\"RISE Health\" \/>\n<meta property=\"article:modified_time\" content=\"2026-03-20T16:35:31+00:00\" \/>\n<meta property=\"og:image\" content=\"https:\/\/rise-health.pt\/wp-content\/uploads\/2024\/08\/IMG_1489.jpg\" \/>\n\t<meta property=\"og:image:width\" content=\"1000\" \/>\n\t<meta property=\"og:image:height\" content=\"1250\" \/>\n\t<meta property=\"og:image:type\" content=\"image\/jpeg\" \/>\n<meta name=\"twitter:card\" content=\"summary_large_image\" \/>\n<meta name=\"twitter:label1\" content=\"Tempo estimado de leitura\" \/>\n\t<meta name=\"twitter:data1\" content=\"2 minutos\" \/>\n<script type=\"application\/ld+json\" class=\"yoast-schema-graph\">{\"@context\":\"https:\\\/\\\/schema.org\",\"@graph\":[{\"@type\":\"WebPage\",\"@id\":\"https:\\\/\\\/rise-health.pt\\\/pt-pt\\\/home\\\/sobre-nos\\\/apresentacao\\\/\",\"url\":\"https:\\\/\\\/rise-health.pt\\\/pt-pt\\\/home\\\/sobre-nos\\\/apresentacao\\\/\",\"name\":\"Apresenta\u00e7\u00e3o - RISE Health\",\"isPartOf\":{\"@id\":\"https:\\\/\\\/rise-health.pt\\\/pt-pt\\\/#website\"},\"primaryImageOfPage\":{\"@id\":\"https:\\\/\\\/rise-health.pt\\\/pt-pt\\\/home\\\/sobre-nos\\\/apresentacao\\\/#primaryimage\"},\"image\":{\"@id\":\"https:\\\/\\\/rise-health.pt\\\/pt-pt\\\/home\\\/sobre-nos\\\/apresentacao\\\/#primaryimage\"},\"thumbnailUrl\":\"https:\\\/\\\/rise-health.pt\\\/wp-content\\\/uploads\\\/2024\\\/08\\\/IMG_1489-819x1024.jpg\",\"datePublished\":\"2024-07-09T11:33:20+00:00\",\"dateModified\":\"2026-03-20T16:35:31+00:00\",\"breadcrumb\":{\"@id\":\"https:\\\/\\\/rise-health.pt\\\/pt-pt\\\/home\\\/sobre-nos\\\/apresentacao\\\/#breadcrumb\"},\"inLanguage\":\"pt-PT\",\"potentialAction\":[{\"@type\":\"ReadAction\",\"target\":[\"https:\\\/\\\/rise-health.pt\\\/pt-pt\\\/home\\\/sobre-nos\\\/apresentacao\\\/\"]}]},{\"@type\":\"ImageObject\",\"inLanguage\":\"pt-PT\",\"@id\":\"https:\\\/\\\/rise-health.pt\\\/pt-pt\\\/home\\\/sobre-nos\\\/apresentacao\\\/#primaryimage\",\"url\":\"https:\\\/\\\/rise-health.pt\\\/wp-content\\\/uploads\\\/2024\\\/08\\\/IMG_1489-819x1024.jpg\",\"contentUrl\":\"https:\\\/\\\/rise-health.pt\\\/wp-content\\\/uploads\\\/2024\\\/08\\\/IMG_1489-819x1024.jpg\"},{\"@type\":\"BreadcrumbList\",\"@id\":\"https:\\\/\\\/rise-health.pt\\\/pt-pt\\\/home\\\/sobre-nos\\\/apresentacao\\\/#breadcrumb\",\"itemListElement\":[{\"@type\":\"ListItem\",\"position\":1,\"name\":\"Home\",\"item\":\"https:\\\/\\\/rise-health.pt\\\/pt-pt\\\/home\\\/\"},{\"@type\":\"ListItem\",\"position\":2,\"name\":\"Sobre N\u00f3s\",\"item\":\"https:\\\/\\\/rise-health.pt\\\/pt-pt\\\/home\\\/sobre-nos\\\/\"},{\"@type\":\"ListItem\",\"position\":3,\"name\":\"Apresenta\u00e7\u00e3o\"}]},{\"@type\":\"WebSite\",\"@id\":\"https:\\\/\\\/rise-health.pt\\\/pt-pt\\\/#website\",\"url\":\"https:\\\/\\\/rise-health.pt\\\/pt-pt\\\/\",\"name\":\"RISE Health\",\"description\":\"RISE Health\",\"publisher\":{\"@id\":\"https:\\\/\\\/rise-health.pt\\\/pt-pt\\\/#organization\"},\"potentialAction\":[{\"@type\":\"SearchAction\",\"target\":{\"@type\":\"EntryPoint\",\"urlTemplate\":\"https:\\\/\\\/rise-health.pt\\\/pt-pt\\\/?s={search_term_string}\"},\"query-input\":{\"@type\":\"PropertyValueSpecification\",\"valueRequired\":true,\"valueName\":\"search_term_string\"}}],\"inLanguage\":\"pt-PT\"},{\"@type\":\"Organization\",\"@id\":\"https:\\\/\\\/rise-health.pt\\\/pt-pt\\\/#organization\",\"name\":\"Rise Health\",\"url\":\"https:\\\/\\\/rise-health.pt\\\/pt-pt\\\/\",\"logo\":{\"@type\":\"ImageObject\",\"inLanguage\":\"pt-PT\",\"@id\":\"https:\\\/\\\/rise-health.pt\\\/pt-pt\\\/#\\\/schema\\\/logo\\\/image\\\/\",\"url\":\"https:\\\/\\\/rise-health.pt\\\/wp-content\\\/uploads\\\/2024\\\/07\\\/Logo-SVG.svg\",\"contentUrl\":\"https:\\\/\\\/rise-health.pt\\\/wp-content\\\/uploads\\\/2024\\\/07\\\/Logo-SVG.svg\",\"width\":220,\"height\":41,\"caption\":\"Rise Health\"},\"image\":{\"@id\":\"https:\\\/\\\/rise-health.pt\\\/pt-pt\\\/#\\\/schema\\\/logo\\\/image\\\/\"}}]}<\/script>\n<!-- \/ Yoast SEO plugin. -->","yoast_head_json":{"title":"Apresenta\u00e7\u00e3o - RISE Health","robots":{"index":"index","follow":"follow","max-snippet":"max-snippet:-1","max-image-preview":"max-image-preview:large","max-video-preview":"max-video-preview:-1"},"canonical":"https:\/\/rise-health.pt\/pt-pt\/home\/sobre-nos\/apresentacao\/","og_locale":"pt_PT","og_type":"article","og_title":"Apresenta\u00e7\u00e3o - RISE Health","og_description":"Apresenta\u00e7\u00e3o Um novo centro focado em investiga\u00e7\u00e3o cl\u00ednica e translacional O RISE-Health \u00e9 uma Unidade de Investiga\u00e7\u00e3o \u00edmpar, criada a partir da fus\u00e3o de quatro Unidades previamente existentes nas \u00e1reas das Ci\u00eancias da Sa\u00fade e da Medicina: CINTESIS \u2013 Centro de Investiga\u00e7\u00e3o em Tecnologias e Servi\u00e7os de Sa\u00fade e\u00a0UnIC \u2013 Unidade de Investiga\u00e7\u00e3o e Desenvolvimento [&hellip;]","og_url":"https:\/\/rise-health.pt\/pt-pt\/home\/sobre-nos\/apresentacao\/","og_site_name":"RISE Health","article_modified_time":"2026-03-20T16:35:31+00:00","og_image":[{"width":1000,"height":1250,"url":"https:\/\/rise-health.pt\/wp-content\/uploads\/2024\/08\/IMG_1489.jpg","type":"image\/jpeg"}],"twitter_card":"summary_large_image","twitter_misc":{"Tempo estimado de leitura":"2 minutos"},"schema":{"@context":"https:\/\/schema.org","@graph":[{"@type":"WebPage","@id":"https:\/\/rise-health.pt\/pt-pt\/home\/sobre-nos\/apresentacao\/","url":"https:\/\/rise-health.pt\/pt-pt\/home\/sobre-nos\/apresentacao\/","name":"Apresenta\u00e7\u00e3o - RISE Health","isPartOf":{"@id":"https:\/\/rise-health.pt\/pt-pt\/#website"},"primaryImageOfPage":{"@id":"https:\/\/rise-health.pt\/pt-pt\/home\/sobre-nos\/apresentacao\/#primaryimage"},"image":{"@id":"https:\/\/rise-health.pt\/pt-pt\/home\/sobre-nos\/apresentacao\/#primaryimage"},"thumbnailUrl":"https:\/\/rise-health.pt\/wp-content\/uploads\/2024\/08\/IMG_1489-819x1024.jpg","datePublished":"2024-07-09T11:33:20+00:00","dateModified":"2026-03-20T16:35:31+00:00","breadcrumb":{"@id":"https:\/\/rise-health.pt\/pt-pt\/home\/sobre-nos\/apresentacao\/#breadcrumb"},"inLanguage":"pt-PT","potentialAction":[{"@type":"ReadAction","target":["https:\/\/rise-health.pt\/pt-pt\/home\/sobre-nos\/apresentacao\/"]}]},{"@type":"ImageObject","inLanguage":"pt-PT","@id":"https:\/\/rise-health.pt\/pt-pt\/home\/sobre-nos\/apresentacao\/#primaryimage","url":"https:\/\/rise-health.pt\/wp-content\/uploads\/2024\/08\/IMG_1489-819x1024.jpg","contentUrl":"https:\/\/rise-health.pt\/wp-content\/uploads\/2024\/08\/IMG_1489-819x1024.jpg"},{"@type":"BreadcrumbList","@id":"https:\/\/rise-health.pt\/pt-pt\/home\/sobre-nos\/apresentacao\/#breadcrumb","itemListElement":[{"@type":"ListItem","position":1,"name":"Home","item":"https:\/\/rise-health.pt\/pt-pt\/home\/"},{"@type":"ListItem","position":2,"name":"Sobre N\u00f3s","item":"https:\/\/rise-health.pt\/pt-pt\/home\/sobre-nos\/"},{"@type":"ListItem","position":3,"name":"Apresenta\u00e7\u00e3o"}]},{"@type":"WebSite","@id":"https:\/\/rise-health.pt\/pt-pt\/#website","url":"https:\/\/rise-health.pt\/pt-pt\/","name":"RISE Health","description":"RISE Health","publisher":{"@id":"https:\/\/rise-health.pt\/pt-pt\/#organization"},"potentialAction":[{"@type":"SearchAction","target":{"@type":"EntryPoint","urlTemplate":"https:\/\/rise-health.pt\/pt-pt\/?s={search_term_string}"},"query-input":{"@type":"PropertyValueSpecification","valueRequired":true,"valueName":"search_term_string"}}],"inLanguage":"pt-PT"},{"@type":"Organization","@id":"https:\/\/rise-health.pt\/pt-pt\/#organization","name":"Rise Health","url":"https:\/\/rise-health.pt\/pt-pt\/","logo":{"@type":"ImageObject","inLanguage":"pt-PT","@id":"https:\/\/rise-health.pt\/pt-pt\/#\/schema\/logo\/image\/","url":"https:\/\/rise-health.pt\/wp-content\/uploads\/2024\/07\/Logo-SVG.svg","contentUrl":"https:\/\/rise-health.pt\/wp-content\/uploads\/2024\/07\/Logo-SVG.svg","width":220,"height":41,"caption":"Rise Health"},"image":{"@id":"https:\/\/rise-health.pt\/pt-pt\/#\/schema\/logo\/image\/"}}]}},"_links":{"self":[{"href":"https:\/\/rise-health.pt\/pt-pt\/wp-json\/wp\/v2\/pages\/2328","targetHints":{"allow":["GET"]}}],"collection":[{"href":"https:\/\/rise-health.pt\/pt-pt\/wp-json\/wp\/v2\/pages"}],"about":[{"href":"https:\/\/rise-health.pt\/pt-pt\/wp-json\/wp\/v2\/types\/page"}],"author":[{"embeddable":true,"href":"https:\/\/rise-health.pt\/pt-pt\/wp-json\/wp\/v2\/users\/2"}],"replies":[{"embeddable":true,"href":"https:\/\/rise-health.pt\/pt-pt\/wp-json\/wp\/v2\/comments?post=2328"}],"version-history":[{"count":44,"href":"https:\/\/rise-health.pt\/pt-pt\/wp-json\/wp\/v2\/pages\/2328\/revisions"}],"predecessor-version":[{"id":5960,"href":"https:\/\/rise-health.pt\/pt-pt\/wp-json\/wp\/v2\/pages\/2328\/revisions\/5960"}],"up":[{"embeddable":true,"href":"https:\/\/rise-health.pt\/pt-pt\/wp-json\/wp\/v2\/pages\/2479"}],"wp:attachment":[{"href":"https:\/\/rise-health.pt\/pt-pt\/wp-json\/wp\/v2\/media?parent=2328"}],"curies":[{"name":"wp","href":"https:\/\/api.w.org\/{rel}","templated":true}]}}