{"id":2317,"date":"2024-07-09T11:35:23","date_gmt":"2024-07-09T11:35:23","guid":{"rendered":"https:\/\/rise-health.pt\/organization\/"},"modified":"2025-03-27T22:53:56","modified_gmt":"2025-03-27T22:53:56","slug":"organizacao","status":"publish","type":"page","link":"https:\/\/rise-health.pt\/pt-pt\/home\/sobre-nos\/organizacao\/","title":{"rendered":"Organiza\u00e7\u00e3o"},"content":{"rendered":"\t\t<div data-elementor-type=\"wp-page\" data-elementor-id=\"2317\" class=\"elementor elementor-2317 elementor-327\" data-elementor-post-type=\"page\">\n\t\t\t\t\t\t<section class=\"elementor-section elementor-top-section elementor-element elementor-element-0ed0ad2 elementor-section-boxed elementor-section-height-default elementor-section-height-default\" data-id=\"0ed0ad2\" data-element_type=\"section\" data-e-type=\"section\" data-settings=\"{&quot;background_background&quot;:&quot;classic&quot;}\">\n\t\t\t\t\t\t<div class=\"elementor-container elementor-column-gap-default\">\n\t\t\t\t\t<div class=\"elementor-column elementor-col-100 elementor-top-column elementor-element elementor-element-f834a2c\" data-id=\"f834a2c\" data-element_type=\"column\" data-e-type=\"column\">\n\t\t\t<div class=\"elementor-widget-wrap elementor-element-populated\">\n\t\t\t\t\t\t<div class=\"elementor-element elementor-element-c018bfa elementor-widget elementor-widget-breadcrumbs\" data-id=\"c018bfa\" data-element_type=\"widget\" data-e-type=\"widget\" data-widget_type=\"breadcrumbs.default\">\n\t\t\t\t<div class=\"elementor-widget-container\">\n\t\t\t\t\t<p id=\"breadcrumbs\"><\/p>\t\t\t\t<\/div>\n\t\t\t\t<\/div>\n\t\t\t\t<div class=\"elementor-element elementor-element-5fcf879 elementor-widget elementor-widget-heading\" data-id=\"5fcf879\" data-element_type=\"widget\" data-e-type=\"widget\" data-widget_type=\"heading.default\">\n\t\t\t\t<div class=\"elementor-widget-container\">\n\t\t\t\t\t<h2 class=\"elementor-heading-title elementor-size-default\">Organigrama<\/h2>\t\t\t\t<\/div>\n\t\t\t\t<\/div>\n\t\t\t\t<div class=\"elementor-element elementor-element-a0a3249 elementor-hidden-tablet elementor-hidden-mobile elementor-widget elementor-widget-image\" data-id=\"a0a3249\" data-element_type=\"widget\" data-e-type=\"widget\" data-widget_type=\"image.default\">\n\t\t\t\t<div class=\"elementor-widget-container\">\n\t\t\t\t\t\t\t\t\t\t\t\t\t\t\t<img fetchpriority=\"high\" decoding=\"async\" width=\"1501\" height=\"619\" src=\"https:\/\/rise-health.pt\/wp-content\/uploads\/2024\/09\/organigrama-1.png\" class=\"attachment-full size-full wp-image-2578\" alt=\"\" srcset=\"https:\/\/rise-health.pt\/wp-content\/uploads\/2024\/09\/organigrama-1.png 1501w, https:\/\/rise-health.pt\/wp-content\/uploads\/2024\/09\/organigrama-1-300x124.png 300w, https:\/\/rise-health.pt\/wp-content\/uploads\/2024\/09\/organigrama-1-1024x422.png 1024w, https:\/\/rise-health.pt\/wp-content\/uploads\/2024\/09\/organigrama-1-768x317.png 768w\" sizes=\"(max-width: 1501px) 100vw, 1501px\" \/>\t\t\t\t\t\t\t\t\t\t\t\t\t\t\t<\/div>\n\t\t\t\t<\/div>\n\t\t\t\t<div class=\"elementor-element elementor-element-bc24ef4 elementor-hidden-desktop elementor-widget elementor-widget-image\" data-id=\"bc24ef4\" data-element_type=\"widget\" data-e-type=\"widget\" data-widget_type=\"image.default\">\n\t\t\t\t<div class=\"elementor-widget-container\">\n\t\t\t\t\t\t\t\t\t\t\t\t\t\t\t<img decoding=\"async\" width=\"1501\" height=\"807\" src=\"https:\/\/rise-health.pt\/wp-content\/uploads\/2024\/09\/organigrama-1-mb.png\" class=\"attachment-full size-full wp-image-2580\" alt=\"\" srcset=\"https:\/\/rise-health.pt\/wp-content\/uploads\/2024\/09\/organigrama-1-mb.png 1501w, https:\/\/rise-health.pt\/wp-content\/uploads\/2024\/09\/organigrama-1-mb-300x161.png 300w, https:\/\/rise-health.pt\/wp-content\/uploads\/2024\/09\/organigrama-1-mb-1024x551.png 1024w, https:\/\/rise-health.pt\/wp-content\/uploads\/2024\/09\/organigrama-1-mb-768x413.png 768w\" sizes=\"(max-width: 1501px) 100vw, 1501px\" \/>\t\t\t\t\t\t\t\t\t\t\t\t\t\t\t<\/div>\n\t\t\t\t<\/div>\n\t\t\t\t<div class=\"elementor-element elementor-element-28ce818 elementor-hidden-tablet elementor-hidden-mobile elementor-widget elementor-widget-image\" data-id=\"28ce818\" data-element_type=\"widget\" data-e-type=\"widget\" data-widget_type=\"image.default\">\n\t\t\t\t<div class=\"elementor-widget-container\">\n\t\t\t\t\t\t\t\t\t\t\t\t\t\t\t<img decoding=\"async\" width=\"1501\" height=\"619\" src=\"https:\/\/rise-health.pt\/wp-content\/uploads\/2024\/09\/organigrama-2.png\" class=\"attachment-full size-full wp-image-2582\" alt=\"\" srcset=\"https:\/\/rise-health.pt\/wp-content\/uploads\/2024\/09\/organigrama-2.png 1501w, https:\/\/rise-health.pt\/wp-content\/uploads\/2024\/09\/organigrama-2-300x124.png 300w, https:\/\/rise-health.pt\/wp-content\/uploads\/2024\/09\/organigrama-2-1024x422.png 1024w, https:\/\/rise-health.pt\/wp-content\/uploads\/2024\/09\/organigrama-2-768x317.png 768w\" sizes=\"(max-width: 1501px) 100vw, 1501px\" \/>\t\t\t\t\t\t\t\t\t\t\t\t\t\t\t<\/div>\n\t\t\t\t<\/div>\n\t\t\t\t<div class=\"elementor-element elementor-element-258ce6d elementor-hidden-desktop elementor-widget elementor-widget-image\" data-id=\"258ce6d\" data-element_type=\"widget\" data-e-type=\"widget\" data-widget_type=\"image.default\">\n\t\t\t\t<div class=\"elementor-widget-container\">\n\t\t\t\t\t\t\t\t\t\t\t\t\t\t\t<img loading=\"lazy\" decoding=\"async\" width=\"1501\" height=\"913\" src=\"https:\/\/rise-health.pt\/wp-content\/uploads\/2024\/09\/organigrama-2-mb.png\" class=\"attachment-full size-full wp-image-2584\" alt=\"\" srcset=\"https:\/\/rise-health.pt\/wp-content\/uploads\/2024\/09\/organigrama-2-mb.png 1501w, https:\/\/rise-health.pt\/wp-content\/uploads\/2024\/09\/organigrama-2-mb-300x182.png 300w, https:\/\/rise-health.pt\/wp-content\/uploads\/2024\/09\/organigrama-2-mb-1024x623.png 1024w, https:\/\/rise-health.pt\/wp-content\/uploads\/2024\/09\/organigrama-2-mb-768x467.png 768w\" sizes=\"(max-width: 1501px) 100vw, 1501px\" \/>\t\t\t\t\t\t\t\t\t\t\t\t\t\t\t<\/div>\n\t\t\t\t<\/div>\n\t\t\t\t<div class=\"elementor-element elementor-element-a006c80 elementor-widget elementor-widget-spacer\" data-id=\"a006c80\" data-element_type=\"widget\" data-e-type=\"widget\" data-widget_type=\"spacer.default\">\n\t\t\t\t<div class=\"elementor-widget-container\">\n\t\t\t\t\t\t\t<div class=\"elementor-spacer\">\n\t\t\t<div class=\"elementor-spacer-inner\"><\/div>\n\t\t<\/div>\n\t\t\t\t\t\t<\/div>\n\t\t\t\t<\/div>\n\t\t\t\t<div class=\"elementor-element elementor-element-fd76108 elementor-widget elementor-widget-heading\" data-id=\"fd76108\" data-element_type=\"widget\" data-e-type=\"widget\" data-widget_type=\"heading.default\">\n\t\t\t\t<div class=\"elementor-widget-container\">\n\t\t\t\t\t<h2 class=\"elementor-heading-title elementor-size-default\">Governa\u00e7\u00e3o<\/h2>\t\t\t\t<\/div>\n\t\t\t\t<\/div>\n\t\t\t\t<div class=\"elementor-element elementor-element-c0aac38 elementor-widget elementor-widget-text-editor\" data-id=\"c0aac38\" data-element_type=\"widget\" data-e-type=\"widget\" data-widget_type=\"text-editor.default\">\n\t\t\t\t<div class=\"elementor-widget-container\">\n\t\t\t\t\t\t\t\t\t<p>Como resultado de uma vis\u00e3o estrat\u00e9gica partilhada entre os coordenadores e movido por uma inten\u00e7\u00e3o estrat\u00e9gica das 4 Unidades pr\u00e9vias, o RISE-Health est\u00e1 <b>sediado na <a href=\"https:\/\/sigarra.up.pt\/fmup\/pt\/web_page.inicial\" target=\"_blank\" rel=\"noopener\">Faculdade de Medicina da Universidade do Porto (FMUP)<\/a><\/b> e engloba <b>16 outros polos de gest\u00e3o<\/b>, dos quais 5 s\u00e3o da <b>U.Porto<\/b> (<a href=\"https:\/\/sigarra.up.pt\/icbas\/pt\/web_page.inicial\">ICBAS<\/a>, <a href=\"https:\/\/www.up.pt\/fcup\/pt\/\">FCUP<\/a>, <a href=\"https:\/\/sigarra.up.pt\/ffup\/pt\/web_page.inicial\">FFUP<\/a>, <a href=\"https:\/\/sigarra.up.pt\/fmdup\/pt\/web_page.inicial\">FMDUP<\/a>, <a href=\"https:\/\/www.up.pt\/fcnaup\/pt\/\">FCNAUP<\/a>) e os restantes est\u00e3o localizados em v\u00e1rias unidades acad\u00e9micas de outras institui\u00e7\u00f5es, a n\u00edvel nacional.<\/p>\n<p>Este extenso ecossistema de investiga\u00e7\u00e3o envolve <b>5 outras universidades p\u00fablicas<\/b> (<a href=\"https:\/\/www.up.pt\/portal\/pt\/\">U.Porto<\/a>, <a href=\"https:\/\/www.ubi.pt\/sites\/cics\/en\">UBI<\/a>, <a href=\"https:\/\/www.utad.pt\/\">UTAD<\/a>, <a href=\"https:\/\/www.ualg.pt\/\">UAlg<\/a>,&nbsp;<a href=\"https:\/\/www.ua.pt\/\" target=\"_blank\" rel=\"noopener\">Universidade de Aveiro<\/a>, and <a href=\"https:\/\/www.uma.pt\/\">Universidade da Madeira<\/a>), <b>2 institui\u00e7\u00f5es de ensino superior privadas<\/b> (<a href=\"http:\/\/international.ufp.pt\/\" target=\"_blank\">Universidade Fernando Pessoa<\/a> e&nbsp;<a href=\"https:\/\/www.upt.pt\/en\/about-upt\/\" target=\"_blank\">Universidade Portucalense<\/a>), <b>3 escolas de enfermagem<\/b> (<a href=\"https:\/\/www.esenf.pt\/pt\/\">ESEP<\/a>, <a href=\"https:\/\/www.santamariasaude.pt\/\">Santa Maria<\/a>, <a href=\"https:\/\/www.ipsantarem.pt\/escola-superior-de-saude-de-santarem\/\">Santar\u00e9m<\/a>) e a&nbsp;<a href=\"https:\/\/www.ess.ipp.pt\/\">ESS-IPP<\/a>.<\/p>\n<p><\/p>\t\t\t\t\t\t\t\t<\/div>\n\t\t\t\t<\/div>\n\t\t\t\t<div class=\"elementor-element elementor-element-49dd45c elementor-hidden-tablet elementor-hidden-mobile elementor-widget elementor-widget-image\" data-id=\"49dd45c\" data-element_type=\"widget\" data-e-type=\"widget\" data-widget_type=\"image.default\">\n\t\t\t\t<div class=\"elementor-widget-container\">\n\t\t\t\t\t\t\t\t\t\t\t\t\t\t\t<img loading=\"lazy\" decoding=\"async\" width=\"1664\" height=\"1110\" src=\"https:\/\/rise-health.pt\/wp-content\/uploads\/2024\/07\/Imagem-1-About-Us.png\" class=\"attachment-full size-full wp-image-2054\" alt=\"\" srcset=\"https:\/\/rise-health.pt\/wp-content\/uploads\/2024\/07\/Imagem-1-About-Us.png 1664w, https:\/\/rise-health.pt\/wp-content\/uploads\/2024\/07\/Imagem-1-About-Us-300x200.png 300w, https:\/\/rise-health.pt\/wp-content\/uploads\/2024\/07\/Imagem-1-About-Us-1024x683.png 1024w, https:\/\/rise-health.pt\/wp-content\/uploads\/2024\/07\/Imagem-1-About-Us-768x512.png 768w, https:\/\/rise-health.pt\/wp-content\/uploads\/2024\/07\/Imagem-1-About-Us-1536x1025.png 1536w\" sizes=\"(max-width: 1664px) 100vw, 1664px\" \/>\t\t\t\t\t\t\t\t\t\t\t\t\t\t\t<\/div>\n\t\t\t\t<\/div>\n\t\t\t\t<div class=\"elementor-element elementor-element-82b4f35 elementor-hidden-desktop elementor-widget elementor-widget-image\" data-id=\"82b4f35\" data-element_type=\"widget\" data-e-type=\"widget\" data-widget_type=\"image.default\">\n\t\t\t\t<div class=\"elementor-widget-container\">\n\t\t\t\t\t\t\t\t\t\t\t\t\t\t\t<img loading=\"lazy\" decoding=\"async\" width=\"490\" height=\"484\" src=\"https:\/\/rise-health.pt\/wp-content\/uploads\/2024\/07\/Imagem-Luva-About-Us.png\" class=\"attachment-full size-full wp-image-2058\" alt=\"\" srcset=\"https:\/\/rise-health.pt\/wp-content\/uploads\/2024\/07\/Imagem-Luva-About-Us.png 490w, https:\/\/rise-health.pt\/wp-content\/uploads\/2024\/07\/Imagem-Luva-About-Us-300x296.png 300w\" sizes=\"(max-width: 490px) 100vw, 490px\" \/>\t\t\t\t\t\t\t\t\t\t\t\t\t\t\t<\/div>\n\t\t\t\t<\/div>\n\t\t\t\t<section class=\"elementor-section elementor-inner-section elementor-element elementor-element-1acd4ee elementor-section-content-middle elementor-section-boxed elementor-section-height-default elementor-section-height-default\" data-id=\"1acd4ee\" data-element_type=\"section\" data-e-type=\"section\">\n\t\t\t\t\t\t<div class=\"elementor-container elementor-column-gap-default\">\n\t\t\t\t\t<div class=\"elementor-column elementor-col-100 elementor-inner-column elementor-element elementor-element-08d6c1a\" data-id=\"08d6c1a\" data-element_type=\"column\" data-e-type=\"column\" data-settings=\"{&quot;background_background&quot;:&quot;classic&quot;}\">\n\t\t\t<div class=\"elementor-widget-wrap elementor-element-populated\">\n\t\t\t\t\t\t<div class=\"elementor-element elementor-element-7e5d45c elementor-widget__width-initial elementor-widget elementor-widget-heading\" data-id=\"7e5d45c\" data-element_type=\"widget\" data-e-type=\"widget\" data-widget_type=\"heading.default\">\n\t\t\t\t<div class=\"elementor-widget-container\">\n\t\t\t\t\t<h2 class=\"elementor-heading-title elementor-size-default\">Conselho Consultivo Externo\n<\/h2>\t\t\t\t<\/div>\n\t\t\t\t<\/div>\n\t\t\t\t<div class=\"elementor-element elementor-element-214132f elementor-widget__width-initial elementor-widget-mobile__width-initial elementor-widget elementor-widget-text-editor\" data-id=\"214132f\" data-element_type=\"widget\" data-e-type=\"widget\" data-widget_type=\"text-editor.default\">\n\t\t\t\t<div class=\"elementor-widget-container\">\n\t\t\t\t\t\t\t\t\t<p>O Conselho Consultivo Externo \u00e9 composto por peritos externos que devem fornecer orienta\u00e7\u00f5es e contributos estrat\u00e9gicos \u00e0 Unidade. O Conselho faz recomenda\u00e7\u00f5es sobre prioridades, afeta\u00e7\u00e3o de recursos, oportunidades de parceria e gest\u00e3o de riscos, assegurando o alinhamento com as necessidades dos \u201cstakeholders\u201d.<\/p>\t\t\t\t\t\t\t\t<\/div>\n\t\t\t\t<\/div>\n\t\t\t\t<div class=\"elementor-element elementor-element-ac00fdc elementor-widget__width-initial elementor-widget-mobile__width-initial elementor-widget elementor-widget-text-editor\" data-id=\"ac00fdc\" data-element_type=\"widget\" data-e-type=\"widget\" data-widget_type=\"text-editor.default\">\n\t\t\t\t<div class=\"elementor-widget-container\">\n\t\t\t\t\t\t\t\t\t<p><strong>Composi\u00e7\u00e3o<br \/><\/strong><\/p>\t\t\t\t\t\t\t\t<\/div>\n\t\t\t\t<\/div>\n\t\t\t\t<div class=\"elementor-element elementor-element-6ebfd8e elementor-widget__width-initial elementor-widget-mobile__width-initial elementor-widget-tablet__width-initial elementor-widget elementor-widget-text-editor\" data-id=\"6ebfd8e\" data-element_type=\"widget\" data-e-type=\"widget\" data-widget_type=\"text-editor.default\">\n\t\t\t\t<div class=\"elementor-widget-container\">\n\t\t\t\t\t\t\t\t\t<p><span style=\"color: #ffffff;\"><strong><a style=\"color: #ffffff;\" href=\"https:\/\/cic-p-nancy.fr\/en\/nproject\/pr-faiez-zannad\/\">Faiez Zannad<\/a><\/strong><\/span> (Universit\u00e9 de Lorraine, France) <strong><span style=\"color: #ffffff;\"><br><a style=\"color: #ffffff;\" href=\"https:\/\/www.feinberg.northwestern.edu\/faculty-profiles\/az\/profile.html?xid=33541\">Farzaneh A Sorond <\/a><\/span><\/strong>(Northwestern University, USA)<br><strong><span style=\"color: #ffffff;\"><a style=\"color: #ffffff;\" href=\"https:\/\/www.researchgate.net\/profile\/Robert-Greif\">Robert Greif<\/a> <\/span><\/strong>(University Bern, Switzerland)<br><strong><span style=\"color: #ffffff;\"><a style=\"color: #ffffff;\" href=\"https:\/\/irp.nih.gov\/pi\/kenneth-jacobson\">Kenneth A Jacobson<\/a><\/span><\/strong> (NIH, USA)<br><a href=\"https:\/\/scholar.harvard.edu\/normand\/bio\"><span style=\"color: #ffffff;\"><strong>Sharon-Lise Normand<\/strong><\/span><\/a> (Harvard Medical School, USA)<br><a href=\"https:\/\/www.trophoblast.cam.ac.uk\/people\/miguel-constancia\"><span style=\"color: #ffffff;\"><strong>Miguel Const\u00e2ncia<\/strong><\/span><\/a> (University of Cambridge, UK)<br><strong><span style=\"color: #ffffff;\"><a style=\"color: #ffffff;\" href=\"https:\/\/hmfphysicians.org\/departments\/pathology\/\">Michael HA Roehrl<\/a> <\/span><\/strong>(Harvard Medical School, USA)<br><strong><span style=\"color: #ffffff;\"><a style=\"color: #ffffff;\" href=\"https:\/\/catalyst.harvard.edu\/about\/all-people\/david-zielinski-phd\/\">David Zielinski<\/a><\/span><\/strong> (Harvard Catalyst, USA)<\/p>\t\t\t\t\t\t\t\t<\/div>\n\t\t\t\t<\/div>\n\t\t\t\t\t<\/div>\n\t\t<\/div>\n\t\t\t\t\t<\/div>\n\t\t<\/section>\n\t\t\t\t\t<\/div>\n\t\t<\/div>\n\t\t\t\t\t<\/div>\n\t\t<\/section>\n\t\t\t\t<\/div>\n\t\t","protected":false},"excerpt":{"rendered":"<p>Organigrama Governa\u00e7\u00e3o Como resultado de uma vis\u00e3o estrat\u00e9gica partilhada entre os coordenadores e movido por uma inten\u00e7\u00e3o estrat\u00e9gica das 4 Unidades pr\u00e9vias, o RISE-Health est\u00e1 sediado na Faculdade de Medicina da Universidade do Porto (FMUP) e engloba 16 outros polos de gest\u00e3o, dos quais 5 s\u00e3o da U.Porto (ICBAS, FCUP, FFUP, FMDUP, FCNAUP) e os [&hellip;]<\/p>\n","protected":false},"author":2,"featured_media":0,"parent":2479,"menu_order":0,"comment_status":"closed","ping_status":"closed","template":"elementor_header_footer","meta":{"footnotes":""},"class_list":["post-2317","page","type-page","status-publish","hentry"],"yoast_head":"<!-- This site is optimized with the Yoast SEO plugin v27.4 - https:\/\/yoast.com\/product\/yoast-seo-wordpress\/ -->\n<title>Organiza\u00e7\u00e3o - RISE Health<\/title>\n<meta name=\"robots\" content=\"index, follow, max-snippet:-1, max-image-preview:large, max-video-preview:-1\" \/>\n<link rel=\"canonical\" href=\"https:\/\/rise-health.pt\/pt-pt\/home\/sobre-nos\/organizacao\/\" \/>\n<meta property=\"og:locale\" content=\"pt_PT\" \/>\n<meta property=\"og:type\" content=\"article\" \/>\n<meta property=\"og:title\" content=\"Organiza\u00e7\u00e3o - RISE Health\" \/>\n<meta property=\"og:description\" content=\"Organigrama Governa\u00e7\u00e3o Como resultado de uma vis\u00e3o estrat\u00e9gica partilhada entre os coordenadores e movido por uma inten\u00e7\u00e3o estrat\u00e9gica das 4 Unidades pr\u00e9vias, o RISE-Health est\u00e1 sediado na Faculdade de Medicina da Universidade do Porto (FMUP) e engloba 16 outros polos de gest\u00e3o, dos quais 5 s\u00e3o da U.Porto (ICBAS, FCUP, FFUP, FMDUP, FCNAUP) e os [&hellip;]\" \/>\n<meta property=\"og:url\" content=\"https:\/\/rise-health.pt\/pt-pt\/home\/sobre-nos\/organizacao\/\" \/>\n<meta property=\"og:site_name\" content=\"RISE Health\" \/>\n<meta property=\"article:modified_time\" content=\"2025-03-27T22:53:56+00:00\" \/>\n<meta property=\"og:image\" content=\"https:\/\/rise-health.pt\/wp-content\/uploads\/2024\/09\/organigrama-1.png\" \/>\n\t<meta property=\"og:image:width\" content=\"1501\" \/>\n\t<meta property=\"og:image:height\" content=\"619\" \/>\n\t<meta property=\"og:image:type\" content=\"image\/png\" \/>\n<meta name=\"twitter:card\" content=\"summary_large_image\" \/>\n<meta name=\"twitter:label1\" content=\"Tempo estimado de leitura\" \/>\n\t<meta name=\"twitter:data1\" content=\"3 minutos\" \/>\n<script type=\"application\/ld+json\" class=\"yoast-schema-graph\">{\"@context\":\"https:\\\/\\\/schema.org\",\"@graph\":[{\"@type\":\"WebPage\",\"@id\":\"https:\\\/\\\/rise-health.pt\\\/pt-pt\\\/home\\\/sobre-nos\\\/organizacao\\\/\",\"url\":\"https:\\\/\\\/rise-health.pt\\\/pt-pt\\\/home\\\/sobre-nos\\\/organizacao\\\/\",\"name\":\"Organiza\u00e7\u00e3o - RISE Health\",\"isPartOf\":{\"@id\":\"https:\\\/\\\/rise-health.pt\\\/pt-pt\\\/#website\"},\"primaryImageOfPage\":{\"@id\":\"https:\\\/\\\/rise-health.pt\\\/pt-pt\\\/home\\\/sobre-nos\\\/organizacao\\\/#primaryimage\"},\"image\":{\"@id\":\"https:\\\/\\\/rise-health.pt\\\/pt-pt\\\/home\\\/sobre-nos\\\/organizacao\\\/#primaryimage\"},\"thumbnailUrl\":\"https:\\\/\\\/rise-health.pt\\\/wp-content\\\/uploads\\\/2024\\\/09\\\/organigrama-1.png\",\"datePublished\":\"2024-07-09T11:35:23+00:00\",\"dateModified\":\"2025-03-27T22:53:56+00:00\",\"breadcrumb\":{\"@id\":\"https:\\\/\\\/rise-health.pt\\\/pt-pt\\\/home\\\/sobre-nos\\\/organizacao\\\/#breadcrumb\"},\"inLanguage\":\"pt-PT\",\"potentialAction\":[{\"@type\":\"ReadAction\",\"target\":[\"https:\\\/\\\/rise-health.pt\\\/pt-pt\\\/home\\\/sobre-nos\\\/organizacao\\\/\"]}]},{\"@type\":\"ImageObject\",\"inLanguage\":\"pt-PT\",\"@id\":\"https:\\\/\\\/rise-health.pt\\\/pt-pt\\\/home\\\/sobre-nos\\\/organizacao\\\/#primaryimage\",\"url\":\"https:\\\/\\\/rise-health.pt\\\/wp-content\\\/uploads\\\/2024\\\/09\\\/organigrama-1.png\",\"contentUrl\":\"https:\\\/\\\/rise-health.pt\\\/wp-content\\\/uploads\\\/2024\\\/09\\\/organigrama-1.png\"},{\"@type\":\"BreadcrumbList\",\"@id\":\"https:\\\/\\\/rise-health.pt\\\/pt-pt\\\/home\\\/sobre-nos\\\/organizacao\\\/#breadcrumb\",\"itemListElement\":[{\"@type\":\"ListItem\",\"position\":1,\"name\":\"Home\",\"item\":\"https:\\\/\\\/rise-health.pt\\\/pt-pt\\\/home\\\/\"},{\"@type\":\"ListItem\",\"position\":2,\"name\":\"Sobre N\u00f3s\",\"item\":\"https:\\\/\\\/rise-health.pt\\\/pt-pt\\\/home\\\/sobre-nos\\\/\"},{\"@type\":\"ListItem\",\"position\":3,\"name\":\"Organiza\u00e7\u00e3o\"}]},{\"@type\":\"WebSite\",\"@id\":\"https:\\\/\\\/rise-health.pt\\\/pt-pt\\\/#website\",\"url\":\"https:\\\/\\\/rise-health.pt\\\/pt-pt\\\/\",\"name\":\"RISE Health\",\"description\":\"RISE Health\",\"publisher\":{\"@id\":\"https:\\\/\\\/rise-health.pt\\\/pt-pt\\\/#organization\"},\"potentialAction\":[{\"@type\":\"SearchAction\",\"target\":{\"@type\":\"EntryPoint\",\"urlTemplate\":\"https:\\\/\\\/rise-health.pt\\\/pt-pt\\\/?s={search_term_string}\"},\"query-input\":{\"@type\":\"PropertyValueSpecification\",\"valueRequired\":true,\"valueName\":\"search_term_string\"}}],\"inLanguage\":\"pt-PT\"},{\"@type\":\"Organization\",\"@id\":\"https:\\\/\\\/rise-health.pt\\\/pt-pt\\\/#organization\",\"name\":\"Rise Health\",\"url\":\"https:\\\/\\\/rise-health.pt\\\/pt-pt\\\/\",\"logo\":{\"@type\":\"ImageObject\",\"inLanguage\":\"pt-PT\",\"@id\":\"https:\\\/\\\/rise-health.pt\\\/pt-pt\\\/#\\\/schema\\\/logo\\\/image\\\/\",\"url\":\"https:\\\/\\\/rise-health.pt\\\/wp-content\\\/uploads\\\/2024\\\/07\\\/Logo-SVG.svg\",\"contentUrl\":\"https:\\\/\\\/rise-health.pt\\\/wp-content\\\/uploads\\\/2024\\\/07\\\/Logo-SVG.svg\",\"width\":220,\"height\":41,\"caption\":\"Rise Health\"},\"image\":{\"@id\":\"https:\\\/\\\/rise-health.pt\\\/pt-pt\\\/#\\\/schema\\\/logo\\\/image\\\/\"}}]}<\/script>\n<!-- \/ Yoast SEO plugin. -->","yoast_head_json":{"title":"Organiza\u00e7\u00e3o - RISE Health","robots":{"index":"index","follow":"follow","max-snippet":"max-snippet:-1","max-image-preview":"max-image-preview:large","max-video-preview":"max-video-preview:-1"},"canonical":"https:\/\/rise-health.pt\/pt-pt\/home\/sobre-nos\/organizacao\/","og_locale":"pt_PT","og_type":"article","og_title":"Organiza\u00e7\u00e3o - RISE Health","og_description":"Organigrama Governa\u00e7\u00e3o Como resultado de uma vis\u00e3o estrat\u00e9gica partilhada entre os coordenadores e movido por uma inten\u00e7\u00e3o estrat\u00e9gica das 4 Unidades pr\u00e9vias, o RISE-Health est\u00e1 sediado na Faculdade de Medicina da Universidade do Porto (FMUP) e engloba 16 outros polos de gest\u00e3o, dos quais 5 s\u00e3o da U.Porto (ICBAS, FCUP, FFUP, FMDUP, FCNAUP) e os [&hellip;]","og_url":"https:\/\/rise-health.pt\/pt-pt\/home\/sobre-nos\/organizacao\/","og_site_name":"RISE Health","article_modified_time":"2025-03-27T22:53:56+00:00","og_image":[{"width":1501,"height":619,"url":"https:\/\/rise-health.pt\/wp-content\/uploads\/2024\/09\/organigrama-1.png","type":"image\/png"}],"twitter_card":"summary_large_image","twitter_misc":{"Tempo estimado de leitura":"3 minutos"},"schema":{"@context":"https:\/\/schema.org","@graph":[{"@type":"WebPage","@id":"https:\/\/rise-health.pt\/pt-pt\/home\/sobre-nos\/organizacao\/","url":"https:\/\/rise-health.pt\/pt-pt\/home\/sobre-nos\/organizacao\/","name":"Organiza\u00e7\u00e3o - RISE Health","isPartOf":{"@id":"https:\/\/rise-health.pt\/pt-pt\/#website"},"primaryImageOfPage":{"@id":"https:\/\/rise-health.pt\/pt-pt\/home\/sobre-nos\/organizacao\/#primaryimage"},"image":{"@id":"https:\/\/rise-health.pt\/pt-pt\/home\/sobre-nos\/organizacao\/#primaryimage"},"thumbnailUrl":"https:\/\/rise-health.pt\/wp-content\/uploads\/2024\/09\/organigrama-1.png","datePublished":"2024-07-09T11:35:23+00:00","dateModified":"2025-03-27T22:53:56+00:00","breadcrumb":{"@id":"https:\/\/rise-health.pt\/pt-pt\/home\/sobre-nos\/organizacao\/#breadcrumb"},"inLanguage":"pt-PT","potentialAction":[{"@type":"ReadAction","target":["https:\/\/rise-health.pt\/pt-pt\/home\/sobre-nos\/organizacao\/"]}]},{"@type":"ImageObject","inLanguage":"pt-PT","@id":"https:\/\/rise-health.pt\/pt-pt\/home\/sobre-nos\/organizacao\/#primaryimage","url":"https:\/\/rise-health.pt\/wp-content\/uploads\/2024\/09\/organigrama-1.png","contentUrl":"https:\/\/rise-health.pt\/wp-content\/uploads\/2024\/09\/organigrama-1.png"},{"@type":"BreadcrumbList","@id":"https:\/\/rise-health.pt\/pt-pt\/home\/sobre-nos\/organizacao\/#breadcrumb","itemListElement":[{"@type":"ListItem","position":1,"name":"Home","item":"https:\/\/rise-health.pt\/pt-pt\/home\/"},{"@type":"ListItem","position":2,"name":"Sobre N\u00f3s","item":"https:\/\/rise-health.pt\/pt-pt\/home\/sobre-nos\/"},{"@type":"ListItem","position":3,"name":"Organiza\u00e7\u00e3o"}]},{"@type":"WebSite","@id":"https:\/\/rise-health.pt\/pt-pt\/#website","url":"https:\/\/rise-health.pt\/pt-pt\/","name":"RISE Health","description":"RISE Health","publisher":{"@id":"https:\/\/rise-health.pt\/pt-pt\/#organization"},"potentialAction":[{"@type":"SearchAction","target":{"@type":"EntryPoint","urlTemplate":"https:\/\/rise-health.pt\/pt-pt\/?s={search_term_string}"},"query-input":{"@type":"PropertyValueSpecification","valueRequired":true,"valueName":"search_term_string"}}],"inLanguage":"pt-PT"},{"@type":"Organization","@id":"https:\/\/rise-health.pt\/pt-pt\/#organization","name":"Rise Health","url":"https:\/\/rise-health.pt\/pt-pt\/","logo":{"@type":"ImageObject","inLanguage":"pt-PT","@id":"https:\/\/rise-health.pt\/pt-pt\/#\/schema\/logo\/image\/","url":"https:\/\/rise-health.pt\/wp-content\/uploads\/2024\/07\/Logo-SVG.svg","contentUrl":"https:\/\/rise-health.pt\/wp-content\/uploads\/2024\/07\/Logo-SVG.svg","width":220,"height":41,"caption":"Rise Health"},"image":{"@id":"https:\/\/rise-health.pt\/pt-pt\/#\/schema\/logo\/image\/"}}]}},"_links":{"self":[{"href":"https:\/\/rise-health.pt\/pt-pt\/wp-json\/wp\/v2\/pages\/2317","targetHints":{"allow":["GET"]}}],"collection":[{"href":"https:\/\/rise-health.pt\/pt-pt\/wp-json\/wp\/v2\/pages"}],"about":[{"href":"https:\/\/rise-health.pt\/pt-pt\/wp-json\/wp\/v2\/types\/page"}],"author":[{"embeddable":true,"href":"https:\/\/rise-health.pt\/pt-pt\/wp-json\/wp\/v2\/users\/2"}],"replies":[{"embeddable":true,"href":"https:\/\/rise-health.pt\/pt-pt\/wp-json\/wp\/v2\/comments?post=2317"}],"version-history":[{"count":27,"href":"https:\/\/rise-health.pt\/pt-pt\/wp-json\/wp\/v2\/pages\/2317\/revisions"}],"predecessor-version":[{"id":3017,"href":"https:\/\/rise-health.pt\/pt-pt\/wp-json\/wp\/v2\/pages\/2317\/revisions\/3017"}],"up":[{"embeddable":true,"href":"https:\/\/rise-health.pt\/pt-pt\/wp-json\/wp\/v2\/pages\/2479"}],"wp:attachment":[{"href":"https:\/\/rise-health.pt\/pt-pt\/wp-json\/wp\/v2\/media?parent=2317"}],"curies":[{"name":"wp","href":"https:\/\/api.w.org\/{rel}","templated":true}]}}