{"id":2182,"date":"2024-07-09T11:11:11","date_gmt":"2024-07-09T11:11:11","guid":{"rendered":"https:\/\/rise-health.pt\/director\/"},"modified":"2024-09-18T14:51:11","modified_gmt":"2024-09-18T14:51:11","slug":"director","status":"publish","type":"page","link":"https:\/\/rise-health.pt\/pt-pt\/home\/sobre-nos\/director\/","title":{"rendered":"Diretor"},"content":{"rendered":"\t\t<div data-elementor-type=\"wp-page\" data-elementor-id=\"2182\" class=\"elementor elementor-2182 elementor-304\" data-elementor-post-type=\"page\">\n\t\t\t\t\t\t<section class=\"elementor-section elementor-top-section elementor-element elementor-element-fecaaaf elementor-section-height-min-height elementor-section-boxed elementor-section-height-default elementor-section-items-middle\" data-id=\"fecaaaf\" data-element_type=\"section\" data-e-type=\"section\">\n\t\t\t\t\t\t<div class=\"elementor-container elementor-column-gap-default\">\n\t\t\t\t\t<div class=\"elementor-column elementor-col-100 elementor-top-column elementor-element elementor-element-923f307\" data-id=\"923f307\" data-element_type=\"column\" data-e-type=\"column\">\n\t\t\t<div class=\"elementor-widget-wrap elementor-element-populated\">\n\t\t\t\t\t\t<div class=\"elementor-element elementor-element-1810eaf elementor-widget elementor-widget-breadcrumbs\" data-id=\"1810eaf\" data-element_type=\"widget\" data-e-type=\"widget\" data-widget_type=\"breadcrumbs.default\">\n\t\t\t\t<div class=\"elementor-widget-container\">\n\t\t\t\t\t<p id=\"breadcrumbs\"><\/p>\t\t\t\t<\/div>\n\t\t\t\t<\/div>\n\t\t\t\t<section class=\"elementor-section elementor-inner-section elementor-element elementor-element-20f5153 elementor-section-boxed elementor-section-height-default elementor-section-height-default\" data-id=\"20f5153\" data-element_type=\"section\" data-e-type=\"section\">\n\t\t\t\t\t\t<div class=\"elementor-container elementor-column-gap-default\">\n\t\t\t\t\t<div class=\"elementor-column elementor-col-50 elementor-inner-column elementor-element elementor-element-3c5bcee\" data-id=\"3c5bcee\" data-element_type=\"column\" data-e-type=\"column\">\n\t\t\t<div class=\"elementor-widget-wrap elementor-element-populated\">\n\t\t\t\t\t\t<div class=\"elementor-element elementor-element-fb828d8 elementor-widget elementor-widget-heading\" data-id=\"fb828d8\" data-element_type=\"widget\" data-e-type=\"widget\" data-widget_type=\"heading.default\">\n\t\t\t\t<div class=\"elementor-widget-container\">\n\t\t\t\t\t<h2 class=\"elementor-heading-title elementor-size-default\">Fernando Schmitt<\/h2>\t\t\t\t<\/div>\n\t\t\t\t<\/div>\n\t\t\t\t\t<\/div>\n\t\t<\/div>\n\t\t\t\t<div class=\"elementor-column elementor-col-50 elementor-inner-column elementor-element elementor-element-68d46a1\" data-id=\"68d46a1\" data-element_type=\"column\" data-e-type=\"column\">\n\t\t\t<div class=\"elementor-widget-wrap elementor-element-populated\">\n\t\t\t\t\t\t<div class=\"elementor-element elementor-element-64fb600 elementor-widget elementor-widget-image\" data-id=\"64fb600\" data-element_type=\"widget\" data-e-type=\"widget\" data-widget_type=\"image.default\">\n\t\t\t\t<div class=\"elementor-widget-container\">\n\t\t\t\t\t\t\t\t\t\t\t\t\t\t\t<img fetchpriority=\"high\" decoding=\"async\" width=\"800\" height=\"800\" src=\"https:\/\/rise-health.pt\/wp-content\/uploads\/2024\/08\/Foto_Schmitt_SiteRISEHealth.jpg\" class=\"attachment-full size-full wp-image-2097\" alt=\"\" srcset=\"https:\/\/rise-health.pt\/wp-content\/uploads\/2024\/08\/Foto_Schmitt_SiteRISEHealth.jpg 800w, https:\/\/rise-health.pt\/wp-content\/uploads\/2024\/08\/Foto_Schmitt_SiteRISEHealth-300x300.jpg 300w, https:\/\/rise-health.pt\/wp-content\/uploads\/2024\/08\/Foto_Schmitt_SiteRISEHealth-150x150.jpg 150w, https:\/\/rise-health.pt\/wp-content\/uploads\/2024\/08\/Foto_Schmitt_SiteRISEHealth-768x768.jpg 768w\" sizes=\"(max-width: 800px) 100vw, 800px\" \/>\t\t\t\t\t\t\t\t\t\t\t\t\t\t\t<\/div>\n\t\t\t\t<\/div>\n\t\t\t\t\t<\/div>\n\t\t<\/div>\n\t\t\t\t\t<\/div>\n\t\t<\/section>\n\t\t\t\t\t<\/div>\n\t\t<\/div>\n\t\t\t\t\t<\/div>\n\t\t<\/section>\n\t\t\t\t<section class=\"elementor-section elementor-top-section elementor-element elementor-element-1c191b0 elementor-section-boxed elementor-section-height-default elementor-section-height-default\" data-id=\"1c191b0\" data-element_type=\"section\" data-e-type=\"section\" data-settings=\"{&quot;background_background&quot;:&quot;classic&quot;}\">\n\t\t\t\t\t\t<div class=\"elementor-container elementor-column-gap-default\">\n\t\t\t\t\t<div class=\"elementor-column elementor-col-50 elementor-top-column elementor-element elementor-element-06a12d0\" data-id=\"06a12d0\" data-element_type=\"column\" data-e-type=\"column\">\n\t\t\t<div class=\"elementor-widget-wrap elementor-element-populated\">\n\t\t\t\t\t\t<div class=\"elementor-element elementor-element-775d511 elementor-widget elementor-widget-heading\" data-id=\"775d511\" data-element_type=\"widget\" data-e-type=\"widget\" data-widget_type=\"heading.default\">\n\t\t\t\t<div class=\"elementor-widget-container\">\n\t\t\t\t\t<h2 class=\"elementor-heading-title elementor-size-default\">Nota biogr\u00e1fica<\/h2>\t\t\t\t<\/div>\n\t\t\t\t<\/div>\n\t\t\t\t<div class=\"elementor-element elementor-element-fcf7f61 elementor-widget__width-inherit elementor-hidden-tablet elementor-hidden-mobile elementor-widget elementor-widget-button\" data-id=\"fcf7f61\" data-element_type=\"widget\" data-e-type=\"widget\" data-widget_type=\"button.default\">\n\t\t\t\t<div class=\"elementor-widget-container\">\n\t\t\t\t\t\t\t\t\t<div class=\"elementor-button-wrapper\">\n\t\t\t\t\t<a class=\"elementor-button elementor-button-link elementor-size-sm\" href=\"https:\/\/www.cienciavitae.pt\/0313-3446-DB4B\">\n\t\t\t\t\t\t<span class=\"elementor-button-content-wrapper\">\n\t\t\t\t\t\t<span class=\"elementor-button-icon\">\n\t\t\t\t<svg xmlns=\"http:\/\/www.w3.org\/2000\/svg\" width=\"26.536\" height=\"26.536\" viewBox=\"0 0 26.536 26.536\"><path id=\"Icon_akar-arrow-up-left\" data-name=\"Icon akar-arrow-up-left\" d=\"M0,0,19.106,19.106M15.921,0H0V15.921\" transform=\"matrix(-0.259, 0.966, -0.966, -0.259, 24.699, 6.668)\" fill=\"none\" stroke=\"#fff\" stroke-width=\"3\"><\/path><\/svg>\t\t\t<\/span>\n\t\t\t\t\t\t\t\t\t<span class=\"elementor-button-text\">Ci\u00eancia Vitae<\/span>\n\t\t\t\t\t<\/span>\n\t\t\t\t\t<\/a>\n\t\t\t\t<\/div>\n\t\t\t\t\t\t\t\t<\/div>\n\t\t\t\t<\/div>\n\t\t\t\t<div class=\"elementor-element elementor-element-cf20dee elementor-widget__width-inherit elementor-hidden-tablet elementor-hidden-mobile elementor-widget elementor-widget-button\" data-id=\"cf20dee\" data-element_type=\"widget\" data-e-type=\"widget\" data-widget_type=\"button.default\">\n\t\t\t\t<div class=\"elementor-widget-container\">\n\t\t\t\t\t\t\t\t\t<div class=\"elementor-button-wrapper\">\n\t\t\t\t\t<a class=\"elementor-button elementor-button-link elementor-size-sm\" href=\"mailto:fschmitt@med.up.pt\">\n\t\t\t\t\t\t<span class=\"elementor-button-content-wrapper\">\n\t\t\t\t\t\t<span class=\"elementor-button-icon\">\n\t\t\t\t<svg xmlns=\"http:\/\/www.w3.org\/2000\/svg\" width=\"26.536\" height=\"26.536\" viewBox=\"0 0 26.536 26.536\"><path id=\"Icon_akar-arrow-up-left\" data-name=\"Icon akar-arrow-up-left\" d=\"M0,0,19.106,19.106M15.921,0H0V15.921\" transform=\"matrix(-0.259, 0.966, -0.966, -0.259, 24.699, 6.668)\" fill=\"none\" stroke=\"#fff\" stroke-width=\"3\"><\/path><\/svg>\t\t\t<\/span>\n\t\t\t\t\t\t\t\t\t<span class=\"elementor-button-text\">Email<\/span>\n\t\t\t\t\t<\/span>\n\t\t\t\t\t<\/a>\n\t\t\t\t<\/div>\n\t\t\t\t\t\t\t\t<\/div>\n\t\t\t\t<\/div>\n\t\t\t\t\t<\/div>\n\t\t<\/div>\n\t\t\t\t<div class=\"elementor-column elementor-col-50 elementor-top-column elementor-element elementor-element-e9e69ab\" data-id=\"e9e69ab\" data-element_type=\"column\" data-e-type=\"column\">\n\t\t\t<div class=\"elementor-widget-wrap elementor-element-populated\">\n\t\t\t\t\t\t<div class=\"elementor-element elementor-element-e5f11c1 elementor-widget-tablet__width-initial elementor-widget elementor-widget-text-editor\" data-id=\"e5f11c1\" data-element_type=\"widget\" data-e-type=\"widget\" data-widget_type=\"text-editor.default\">\n\t\t\t\t<div class=\"elementor-widget-container\">\n\t\t\t\t\t\t\t\t\t<p><b>Fernando Schmitt<\/b> \u00e9 o <b>Diretor do RISE-Health<\/b>. \u00c9 tamb\u00e9m diretor do Laborat\u00f3rio Associado\u00a0<a href=\"https:\/\/rise-la.pt\/\" target=\"_blank\" rel=\"noopener\">RISE \u2013 Rede de Investiga\u00e7\u00e3o em Sa\u00fade<\/a>, investigador principal do\u00a0<a href=\"https:\/\/cintesis.eu\/en\/home\/\" target=\"_blank\" rel=\"noopener\">CINTESIS \u2013 Centro de Investiga\u00e7\u00e3o em Tecnologias e Servi\u00e7os de Sa\u00fade<\/a> e Professor Catedr\u00e1tico da <a href=\"https:\/\/sigarra.up.pt\/fmup\/pt\/web_page.inicial\">Faculdade de Medicina da Universidade do Porto<\/a> (FMUP).<\/p><p>Formado em Medicina pela Universidade Federal de Santa Maria (1983) e doutorado pela Universidade do Estado de S\u00e3o Paulo (1990), tem tamb\u00e9m p\u00f3s-doutoramento em Patologia pela Universidade do Porto (1993).<\/p><p>\u00c9 um dos maiores especialistas mundiais em citopatologia e em patologia da mama, tendo publicado 568 artigos em revistas especializadas e sendo autor de sete livros sobre cancro da mama, citopatologia e patologia molecular. \u00c9 membro da Ag\u00eancia Internacional para a Investiga\u00e7\u00e3o em Cancro, sob os ausp\u00edcios da Organiza\u00e7\u00e3o Mundial da Sa\u00fade (OMS). Foi Presidente da Academia Internacional de Citologia (IAC). Atualmente, \u00e9 um dos editores da s\u00e9rie da OMS Cytopathology Reporting Systems.<\/p><p>Por dois anos, foi Diretor do Laborat\u00f3rio Nacional de Sa\u00fade do Luxemburgo e, por isso, desempenhou um importante papel na defini\u00e7\u00e3o de pol\u00edticas de sa\u00fade p\u00fablica nesse pa\u00eds. At\u00e9 agora, j\u00e1 foi galardoado com tr\u00eas grandes pr\u00e9mios, dois dos quais de institui\u00e7\u00f5es internacionais.<\/p>\t\t\t\t\t\t\t\t<\/div>\n\t\t\t\t<\/div>\n\t\t\t\t<div class=\"elementor-element elementor-element-e7ca514 elementor-widget__width-inherit elementor-hidden-desktop elementor-widget elementor-widget-button\" data-id=\"e7ca514\" data-element_type=\"widget\" data-e-type=\"widget\" data-widget_type=\"button.default\">\n\t\t\t\t<div class=\"elementor-widget-container\">\n\t\t\t\t\t\t\t\t\t<div class=\"elementor-button-wrapper\">\n\t\t\t\t\t<a class=\"elementor-button elementor-button-link elementor-size-sm\" href=\"https:\/\/www.cienciavitae.pt\/0313-3446-DB4B\">\n\t\t\t\t\t\t<span class=\"elementor-button-content-wrapper\">\n\t\t\t\t\t\t<span class=\"elementor-button-icon\">\n\t\t\t\t<svg xmlns=\"http:\/\/www.w3.org\/2000\/svg\" width=\"26.536\" height=\"26.536\" viewBox=\"0 0 26.536 26.536\"><path id=\"Icon_akar-arrow-up-left\" data-name=\"Icon akar-arrow-up-left\" d=\"M0,0,19.106,19.106M15.921,0H0V15.921\" transform=\"matrix(-0.259, 0.966, -0.966, -0.259, 24.699, 6.668)\" fill=\"none\" stroke=\"#fff\" stroke-width=\"3\"><\/path><\/svg>\t\t\t<\/span>\n\t\t\t\t\t\t\t\t\t<span class=\"elementor-button-text\">Ci\u00eancia Vitae<\/span>\n\t\t\t\t\t<\/span>\n\t\t\t\t\t<\/a>\n\t\t\t\t<\/div>\n\t\t\t\t\t\t\t\t<\/div>\n\t\t\t\t<\/div>\n\t\t\t\t<div class=\"elementor-element elementor-element-38c5a3b elementor-widget__width-inherit elementor-hidden-desktop elementor-widget elementor-widget-button\" data-id=\"38c5a3b\" data-element_type=\"widget\" data-e-type=\"widget\" data-widget_type=\"button.default\">\n\t\t\t\t<div class=\"elementor-widget-container\">\n\t\t\t\t\t\t\t\t\t<div class=\"elementor-button-wrapper\">\n\t\t\t\t\t<a class=\"elementor-button elementor-button-link elementor-size-sm\" href=\"mailto:fschmitt@med.up.pt\">\n\t\t\t\t\t\t<span class=\"elementor-button-content-wrapper\">\n\t\t\t\t\t\t<span class=\"elementor-button-icon\">\n\t\t\t\t<svg xmlns=\"http:\/\/www.w3.org\/2000\/svg\" width=\"26.536\" height=\"26.536\" viewBox=\"0 0 26.536 26.536\"><path id=\"Icon_akar-arrow-up-left\" data-name=\"Icon akar-arrow-up-left\" d=\"M0,0,19.106,19.106M15.921,0H0V15.921\" transform=\"matrix(-0.259, 0.966, -0.966, -0.259, 24.699, 6.668)\" fill=\"none\" stroke=\"#fff\" stroke-width=\"3\"><\/path><\/svg>\t\t\t<\/span>\n\t\t\t\t\t\t\t\t\t<span class=\"elementor-button-text\">Email<\/span>\n\t\t\t\t\t<\/span>\n\t\t\t\t\t<\/a>\n\t\t\t\t<\/div>\n\t\t\t\t\t\t\t\t<\/div>\n\t\t\t\t<\/div>\n\t\t\t\t\t<\/div>\n\t\t<\/div>\n\t\t\t\t\t<\/div>\n\t\t<\/section>\n\t\t\t\t<\/div>\n\t\t","protected":false},"excerpt":{"rendered":"<p>Fernando Schmitt Nota biogr\u00e1fica Ci\u00eancia Vitae Email Fernando Schmitt \u00e9 o Diretor do RISE-Health. \u00c9 tamb\u00e9m diretor do Laborat\u00f3rio Associado\u00a0RISE \u2013 Rede de Investiga\u00e7\u00e3o em Sa\u00fade, investigador principal do\u00a0CINTESIS \u2013 Centro de Investiga\u00e7\u00e3o em Tecnologias e Servi\u00e7os de Sa\u00fade e Professor Catedr\u00e1tico da Faculdade de Medicina da Universidade do Porto (FMUP). Formado em Medicina pela [&hellip;]<\/p>\n","protected":false},"author":2,"featured_media":0,"parent":2479,"menu_order":0,"comment_status":"closed","ping_status":"closed","template":"elementor_header_footer","meta":{"footnotes":""},"class_list":["post-2182","page","type-page","status-publish","hentry"],"yoast_head":"<!-- This site is optimized with the Yoast SEO plugin v27.4 - https:\/\/yoast.com\/product\/yoast-seo-wordpress\/ -->\n<title>Diretor - RISE Health<\/title>\n<meta name=\"robots\" content=\"index, follow, max-snippet:-1, max-image-preview:large, max-video-preview:-1\" \/>\n<link rel=\"canonical\" href=\"https:\/\/rise-health.pt\/pt-pt\/home\/sobre-nos\/director\/\" \/>\n<meta property=\"og:locale\" content=\"pt_PT\" \/>\n<meta property=\"og:type\" content=\"article\" \/>\n<meta property=\"og:title\" content=\"Diretor - RISE Health\" \/>\n<meta property=\"og:description\" content=\"Fernando Schmitt Nota biogr\u00e1fica Ci\u00eancia Vitae Email Fernando Schmitt \u00e9 o Diretor do RISE-Health. \u00c9 tamb\u00e9m diretor do Laborat\u00f3rio Associado\u00a0RISE \u2013 Rede de Investiga\u00e7\u00e3o em Sa\u00fade, investigador principal do\u00a0CINTESIS \u2013 Centro de Investiga\u00e7\u00e3o em Tecnologias e Servi\u00e7os de Sa\u00fade e Professor Catedr\u00e1tico da Faculdade de Medicina da Universidade do Porto (FMUP). Formado em Medicina pela [&hellip;]\" \/>\n<meta property=\"og:url\" content=\"https:\/\/rise-health.pt\/pt-pt\/home\/sobre-nos\/director\/\" \/>\n<meta property=\"og:site_name\" content=\"RISE Health\" \/>\n<meta property=\"article:modified_time\" content=\"2024-09-18T14:51:11+00:00\" \/>\n<meta property=\"og:image\" content=\"https:\/\/rise-health.pt\/wp-content\/uploads\/2024\/08\/Foto_Schmitt_SiteRISEHealth.jpg\" \/>\n<meta name=\"twitter:card\" content=\"summary_large_image\" \/>\n<meta name=\"twitter:label1\" content=\"Tempo estimado de leitura\" \/>\n\t<meta name=\"twitter:data1\" content=\"2 minutos\" \/>\n<script type=\"application\/ld+json\" class=\"yoast-schema-graph\">{\"@context\":\"https:\\\/\\\/schema.org\",\"@graph\":[{\"@type\":\"WebPage\",\"@id\":\"https:\\\/\\\/rise-health.pt\\\/pt-pt\\\/home\\\/sobre-nos\\\/director\\\/\",\"url\":\"https:\\\/\\\/rise-health.pt\\\/pt-pt\\\/home\\\/sobre-nos\\\/director\\\/\",\"name\":\"Diretor - RISE Health\",\"isPartOf\":{\"@id\":\"https:\\\/\\\/rise-health.pt\\\/pt-pt\\\/#website\"},\"primaryImageOfPage\":{\"@id\":\"https:\\\/\\\/rise-health.pt\\\/pt-pt\\\/home\\\/sobre-nos\\\/director\\\/#primaryimage\"},\"image\":{\"@id\":\"https:\\\/\\\/rise-health.pt\\\/pt-pt\\\/home\\\/sobre-nos\\\/director\\\/#primaryimage\"},\"thumbnailUrl\":\"https:\\\/\\\/rise-health.pt\\\/wp-content\\\/uploads\\\/2024\\\/08\\\/Foto_Schmitt_SiteRISEHealth.jpg\",\"datePublished\":\"2024-07-09T11:11:11+00:00\",\"dateModified\":\"2024-09-18T14:51:11+00:00\",\"breadcrumb\":{\"@id\":\"https:\\\/\\\/rise-health.pt\\\/pt-pt\\\/home\\\/sobre-nos\\\/director\\\/#breadcrumb\"},\"inLanguage\":\"pt-PT\",\"potentialAction\":[{\"@type\":\"ReadAction\",\"target\":[\"https:\\\/\\\/rise-health.pt\\\/pt-pt\\\/home\\\/sobre-nos\\\/director\\\/\"]}]},{\"@type\":\"ImageObject\",\"inLanguage\":\"pt-PT\",\"@id\":\"https:\\\/\\\/rise-health.pt\\\/pt-pt\\\/home\\\/sobre-nos\\\/director\\\/#primaryimage\",\"url\":\"https:\\\/\\\/rise-health.pt\\\/wp-content\\\/uploads\\\/2024\\\/08\\\/Foto_Schmitt_SiteRISEHealth.jpg\",\"contentUrl\":\"https:\\\/\\\/rise-health.pt\\\/wp-content\\\/uploads\\\/2024\\\/08\\\/Foto_Schmitt_SiteRISEHealth.jpg\"},{\"@type\":\"BreadcrumbList\",\"@id\":\"https:\\\/\\\/rise-health.pt\\\/pt-pt\\\/home\\\/sobre-nos\\\/director\\\/#breadcrumb\",\"itemListElement\":[{\"@type\":\"ListItem\",\"position\":1,\"name\":\"Home\",\"item\":\"https:\\\/\\\/rise-health.pt\\\/pt-pt\\\/home\\\/\"},{\"@type\":\"ListItem\",\"position\":2,\"name\":\"Sobre N\u00f3s\",\"item\":\"https:\\\/\\\/rise-health.pt\\\/pt-pt\\\/home\\\/sobre-nos\\\/\"},{\"@type\":\"ListItem\",\"position\":3,\"name\":\"Diretor\"}]},{\"@type\":\"WebSite\",\"@id\":\"https:\\\/\\\/rise-health.pt\\\/pt-pt\\\/#website\",\"url\":\"https:\\\/\\\/rise-health.pt\\\/pt-pt\\\/\",\"name\":\"RISE Health\",\"description\":\"RISE Health\",\"publisher\":{\"@id\":\"https:\\\/\\\/rise-health.pt\\\/pt-pt\\\/#organization\"},\"potentialAction\":[{\"@type\":\"SearchAction\",\"target\":{\"@type\":\"EntryPoint\",\"urlTemplate\":\"https:\\\/\\\/rise-health.pt\\\/pt-pt\\\/?s={search_term_string}\"},\"query-input\":{\"@type\":\"PropertyValueSpecification\",\"valueRequired\":true,\"valueName\":\"search_term_string\"}}],\"inLanguage\":\"pt-PT\"},{\"@type\":\"Organization\",\"@id\":\"https:\\\/\\\/rise-health.pt\\\/pt-pt\\\/#organization\",\"name\":\"Rise Health\",\"url\":\"https:\\\/\\\/rise-health.pt\\\/pt-pt\\\/\",\"logo\":{\"@type\":\"ImageObject\",\"inLanguage\":\"pt-PT\",\"@id\":\"https:\\\/\\\/rise-health.pt\\\/pt-pt\\\/#\\\/schema\\\/logo\\\/image\\\/\",\"url\":\"https:\\\/\\\/rise-health.pt\\\/wp-content\\\/uploads\\\/2024\\\/07\\\/Logo-SVG.svg\",\"contentUrl\":\"https:\\\/\\\/rise-health.pt\\\/wp-content\\\/uploads\\\/2024\\\/07\\\/Logo-SVG.svg\",\"width\":220,\"height\":41,\"caption\":\"Rise Health\"},\"image\":{\"@id\":\"https:\\\/\\\/rise-health.pt\\\/pt-pt\\\/#\\\/schema\\\/logo\\\/image\\\/\"}}]}<\/script>\n<!-- \/ Yoast SEO plugin. -->","yoast_head_json":{"title":"Diretor - RISE Health","robots":{"index":"index","follow":"follow","max-snippet":"max-snippet:-1","max-image-preview":"max-image-preview:large","max-video-preview":"max-video-preview:-1"},"canonical":"https:\/\/rise-health.pt\/pt-pt\/home\/sobre-nos\/director\/","og_locale":"pt_PT","og_type":"article","og_title":"Diretor - RISE Health","og_description":"Fernando Schmitt Nota biogr\u00e1fica Ci\u00eancia Vitae Email Fernando Schmitt \u00e9 o Diretor do RISE-Health. \u00c9 tamb\u00e9m diretor do Laborat\u00f3rio Associado\u00a0RISE \u2013 Rede de Investiga\u00e7\u00e3o em Sa\u00fade, investigador principal do\u00a0CINTESIS \u2013 Centro de Investiga\u00e7\u00e3o em Tecnologias e Servi\u00e7os de Sa\u00fade e Professor Catedr\u00e1tico da Faculdade de Medicina da Universidade do Porto (FMUP). Formado em Medicina pela [&hellip;]","og_url":"https:\/\/rise-health.pt\/pt-pt\/home\/sobre-nos\/director\/","og_site_name":"RISE Health","article_modified_time":"2024-09-18T14:51:11+00:00","og_image":[{"url":"https:\/\/rise-health.pt\/wp-content\/uploads\/2024\/08\/Foto_Schmitt_SiteRISEHealth.jpg","type":"","width":"","height":""}],"twitter_card":"summary_large_image","twitter_misc":{"Tempo estimado de leitura":"2 minutos"},"schema":{"@context":"https:\/\/schema.org","@graph":[{"@type":"WebPage","@id":"https:\/\/rise-health.pt\/pt-pt\/home\/sobre-nos\/director\/","url":"https:\/\/rise-health.pt\/pt-pt\/home\/sobre-nos\/director\/","name":"Diretor - RISE Health","isPartOf":{"@id":"https:\/\/rise-health.pt\/pt-pt\/#website"},"primaryImageOfPage":{"@id":"https:\/\/rise-health.pt\/pt-pt\/home\/sobre-nos\/director\/#primaryimage"},"image":{"@id":"https:\/\/rise-health.pt\/pt-pt\/home\/sobre-nos\/director\/#primaryimage"},"thumbnailUrl":"https:\/\/rise-health.pt\/wp-content\/uploads\/2024\/08\/Foto_Schmitt_SiteRISEHealth.jpg","datePublished":"2024-07-09T11:11:11+00:00","dateModified":"2024-09-18T14:51:11+00:00","breadcrumb":{"@id":"https:\/\/rise-health.pt\/pt-pt\/home\/sobre-nos\/director\/#breadcrumb"},"inLanguage":"pt-PT","potentialAction":[{"@type":"ReadAction","target":["https:\/\/rise-health.pt\/pt-pt\/home\/sobre-nos\/director\/"]}]},{"@type":"ImageObject","inLanguage":"pt-PT","@id":"https:\/\/rise-health.pt\/pt-pt\/home\/sobre-nos\/director\/#primaryimage","url":"https:\/\/rise-health.pt\/wp-content\/uploads\/2024\/08\/Foto_Schmitt_SiteRISEHealth.jpg","contentUrl":"https:\/\/rise-health.pt\/wp-content\/uploads\/2024\/08\/Foto_Schmitt_SiteRISEHealth.jpg"},{"@type":"BreadcrumbList","@id":"https:\/\/rise-health.pt\/pt-pt\/home\/sobre-nos\/director\/#breadcrumb","itemListElement":[{"@type":"ListItem","position":1,"name":"Home","item":"https:\/\/rise-health.pt\/pt-pt\/home\/"},{"@type":"ListItem","position":2,"name":"Sobre N\u00f3s","item":"https:\/\/rise-health.pt\/pt-pt\/home\/sobre-nos\/"},{"@type":"ListItem","position":3,"name":"Diretor"}]},{"@type":"WebSite","@id":"https:\/\/rise-health.pt\/pt-pt\/#website","url":"https:\/\/rise-health.pt\/pt-pt\/","name":"RISE Health","description":"RISE Health","publisher":{"@id":"https:\/\/rise-health.pt\/pt-pt\/#organization"},"potentialAction":[{"@type":"SearchAction","target":{"@type":"EntryPoint","urlTemplate":"https:\/\/rise-health.pt\/pt-pt\/?s={search_term_string}"},"query-input":{"@type":"PropertyValueSpecification","valueRequired":true,"valueName":"search_term_string"}}],"inLanguage":"pt-PT"},{"@type":"Organization","@id":"https:\/\/rise-health.pt\/pt-pt\/#organization","name":"Rise Health","url":"https:\/\/rise-health.pt\/pt-pt\/","logo":{"@type":"ImageObject","inLanguage":"pt-PT","@id":"https:\/\/rise-health.pt\/pt-pt\/#\/schema\/logo\/image\/","url":"https:\/\/rise-health.pt\/wp-content\/uploads\/2024\/07\/Logo-SVG.svg","contentUrl":"https:\/\/rise-health.pt\/wp-content\/uploads\/2024\/07\/Logo-SVG.svg","width":220,"height":41,"caption":"Rise Health"},"image":{"@id":"https:\/\/rise-health.pt\/pt-pt\/#\/schema\/logo\/image\/"}}]}},"_links":{"self":[{"href":"https:\/\/rise-health.pt\/pt-pt\/wp-json\/wp\/v2\/pages\/2182","targetHints":{"allow":["GET"]}}],"collection":[{"href":"https:\/\/rise-health.pt\/pt-pt\/wp-json\/wp\/v2\/pages"}],"about":[{"href":"https:\/\/rise-health.pt\/pt-pt\/wp-json\/wp\/v2\/types\/page"}],"author":[{"embeddable":true,"href":"https:\/\/rise-health.pt\/pt-pt\/wp-json\/wp\/v2\/users\/2"}],"replies":[{"embeddable":true,"href":"https:\/\/rise-health.pt\/pt-pt\/wp-json\/wp\/v2\/comments?post=2182"}],"version-history":[{"count":6,"href":"https:\/\/rise-health.pt\/pt-pt\/wp-json\/wp\/v2\/pages\/2182\/revisions"}],"predecessor-version":[{"id":2761,"href":"https:\/\/rise-health.pt\/pt-pt\/wp-json\/wp\/v2\/pages\/2182\/revisions\/2761"}],"up":[{"embeddable":true,"href":"https:\/\/rise-health.pt\/pt-pt\/wp-json\/wp\/v2\/pages\/2479"}],"wp:attachment":[{"href":"https:\/\/rise-health.pt\/pt-pt\/wp-json\/wp\/v2\/media?parent=2182"}],"curies":[{"name":"wp","href":"https:\/\/api.w.org\/{rel}","templated":true}]}}